{"id":89,"date":"2024-10-13T22:09:23","date_gmt":"2024-10-13T20:09:23","guid":{"rendered":"https:\/\/mille1000.de\/?page_id=89"},"modified":"2024-11-15T19:24:57","modified_gmt":"2024-11-15T18:24:57","slug":"occhio","status":"publish","type":"page","link":"https:\/\/mille1000.de\/index.php\/home\/occhio\/","title":{"rendered":"Occhio"},"content":{"rendered":"\n<p class=\"has-contrast-color has-text-color has-link-color has-xx-large-font-size wp-elements-91c7a4b298860357d419c496e5eeecbe\" style=\"margin-top:0;margin-bottom:0;padding-top:0;padding-bottom:0\">Occhio! \u2013 Bilder, Ausstellungen<\/p>\n\n\n\n<figure class=\"wp-block-image aligncenter size-full is-resized has-custom-border\"><img loading=\"lazy\" decoding=\"async\" width=\"1478\" height=\"946\" src=\"https:\/\/mille1000.de\/wp-content\/uploads\/Hintergrundbild_04_Occhio-20241026-112238.jpg\" alt=\"\" class=\"wp-image-446\" style=\"border-radius:8px;width:1068px;height:auto\" srcset=\"https:\/\/mille1000.de\/wp-content\/uploads\/Hintergrundbild_04_Occhio-20241026-112238.jpg 1478w, https:\/\/mille1000.de\/wp-content\/uploads\/Hintergrundbild_04_Occhio-20241026-112238-300x192.jpg 300w, https:\/\/mille1000.de\/wp-content\/uploads\/Hintergrundbild_04_Occhio-20241026-112238-768x492.jpg 768w\" sizes=\"auto, (max-width: 1478px) 100vw, 1478px\" \/><\/figure>\n\n\n\n<div class=\"wp-block-group has-global-padding is-layout-constrained wp-container-core-group-is-layout-f1ba3e7e wp-block-group-is-layout-constrained\">\n<div class=\"wp-block-group is-vertical is-content-justification-center is-layout-flex wp-container-core-group-is-layout-52b864f0 wp-block-group-is-layout-flex\">\n<div style=\"height:0px\" aria-hidden=\"true\" class=\"wp-block-spacer wp-container-content-1dabbf03\"><\/div>\n\n\n\n<h2 class=\"wp-block-heading has-text-align-center is-style-asterisk\">2011 \u2013 Ausstellung KV Ebersberg<\/h2>\n\n\n\n<div style=\"height:0px\" aria-hidden=\"true\" class=\"wp-block-spacer wp-container-content-82644e15\"><\/div>\n<\/div>\n\n\n\n<p class=\"has-text-align-left has-medium-font-size wp-container-content-952c586e\" style=\"margin-top:0;margin-right:0;margin-bottom:0;margin-left:0;padding-top:0;padding-right:0;padding-bottom:0;padding-left:0\">Wir beginnen immer wieder neu, setzen auf den n\u00e4chsten Anfang. Ein zartes Karussell aus S\u00e4tzen \u00fcber Freundschaft, Liebe, Hoffnung \u2013 am Boden ein Labyrinth aus Sand. 2011 im Kunstverein Ebersberg.<\/p>\n\n\n\n<figure class=\"wp-block-image size-large\"><img loading=\"lazy\" decoding=\"async\" width=\"1879\" height=\"1024\" src=\"https:\/\/mille1000.de\/wp-content\/uploads\/content_Occhio_Ebersberg-1879x1024.jpg\" alt=\"\" class=\"wp-image-459\" srcset=\"https:\/\/mille1000.de\/wp-content\/uploads\/content_Occhio_Ebersberg-1879x1024.jpg 1879w, https:\/\/mille1000.de\/wp-content\/uploads\/content_Occhio_Ebersberg-300x163.jpg 300w, https:\/\/mille1000.de\/wp-content\/uploads\/content_Occhio_Ebersberg-768x418.jpg 768w, https:\/\/mille1000.de\/wp-content\/uploads\/content_Occhio_Ebersberg-1536x837.jpg 1536w, https:\/\/mille1000.de\/wp-content\/uploads\/content_Occhio_Ebersberg.jpg 1885w\" sizes=\"auto, (max-width: 1879px) 100vw, 1879px\" \/><\/figure>\n<\/div>\n\n\n\n<div class=\"wp-block-group has-global-padding is-layout-constrained wp-container-core-group-is-layout-f1ba3e7e wp-block-group-is-layout-constrained\">\n<div class=\"wp-block-group is-vertical is-content-justification-center is-layout-flex wp-container-core-group-is-layout-52b864f0 wp-block-group-is-layout-flex\">\n<div style=\"height:0px\" aria-hidden=\"true\" class=\"wp-block-spacer wp-container-content-1dabbf03\"><\/div>\n\n\n\n<h2 class=\"wp-block-heading has-text-align-center is-style-asterisk\">Flying Carpet<\/h2>\n\n\n\n<div style=\"height:0px\" aria-hidden=\"true\" class=\"wp-block-spacer wp-container-content-82644e15\"><\/div>\n<\/div>\n\n\n\n<p class=\"has-text-align-left has-medium-font-size wp-container-content-952c586e\" style=\"margin-top:0;margin-right:0;margin-bottom:0;margin-left:0;padding-top:0;padding-right:0;padding-bottom:0;padding-left:0\">30 x 30 cm, jede nur ein Blatt \u2013 166 K\u00fcnstlerinnen aus 24 L\u00e4ndern stifteten ihre Arbeit diesem gro\u00dfartigen Projekt. Thema: Visionen, Arbeit, Zukunft. Die Ausstellung wurde in Luxemburg, Japan, Schweiz, \u00d6sterreich, Deutschland gezeigt.<\/p>\n\n\n\n<figure class=\"wp-block-gallery has-nested-images columns-default is-cropped wp-block-gallery-1 is-layout-flex wp-block-gallery-is-layout-flex\">\n<figure class=\"wp-block-image size-large is-style-default\"><img loading=\"lazy\" decoding=\"async\" width=\"1024\" height=\"1024\" data-id=\"107\" src=\"https:\/\/mille1000.de\/wp-content\/uploads\/content_Occhio_FlyingCarpet01-1024x1024.jpg\" alt=\"\" class=\"wp-image-107\" style=\"box-shadow:var(--wp--preset--shadow--natural)\" srcset=\"https:\/\/mille1000.de\/wp-content\/uploads\/content_Occhio_FlyingCarpet01-1024x1024.jpg 1024w, https:\/\/mille1000.de\/wp-content\/uploads\/content_Occhio_FlyingCarpet01-300x300.jpg 300w, https:\/\/mille1000.de\/wp-content\/uploads\/content_Occhio_FlyingCarpet01-150x150.jpg 150w, https:\/\/mille1000.de\/wp-content\/uploads\/content_Occhio_FlyingCarpet01-768x768.jpg 768w, https:\/\/mille1000.de\/wp-content\/uploads\/content_Occhio_FlyingCarpet01.jpg 1106w\" sizes=\"auto, (max-width: 1024px) 100vw, 1024px\" \/><\/figure>\n\n\n\n<figure class=\"wp-block-image size-large\"><img loading=\"lazy\" decoding=\"async\" width=\"1024\" height=\"1024\" data-id=\"108\" src=\"https:\/\/mille1000.de\/wp-content\/uploads\/content_Occhio_FlyingCarpet02-1024x1024.jpg\" alt=\"\" class=\"wp-image-108\" style=\"box-shadow:var(--wp--preset--shadow--natural)\" srcset=\"https:\/\/mille1000.de\/wp-content\/uploads\/content_Occhio_FlyingCarpet02-1024x1024.jpg 1024w, https:\/\/mille1000.de\/wp-content\/uploads\/content_Occhio_FlyingCarpet02-300x300.jpg 300w, https:\/\/mille1000.de\/wp-content\/uploads\/content_Occhio_FlyingCarpet02-150x150.jpg 150w, https:\/\/mille1000.de\/wp-content\/uploads\/content_Occhio_FlyingCarpet02-768x768.jpg 768w, https:\/\/mille1000.de\/wp-content\/uploads\/content_Occhio_FlyingCarpet02.jpg 1106w\" sizes=\"auto, (max-width: 1024px) 100vw, 1024px\" \/><\/figure>\n\n\n\n<figure class=\"wp-block-image size-large\"><img loading=\"lazy\" decoding=\"async\" width=\"1024\" height=\"1024\" data-id=\"109\" src=\"https:\/\/mille1000.de\/wp-content\/uploads\/content_Occhio_FlyingCarpet03-1024x1024.jpg\" alt=\"\" class=\"wp-image-109\" style=\"box-shadow:var(--wp--preset--shadow--natural)\" srcset=\"https:\/\/mille1000.de\/wp-content\/uploads\/content_Occhio_FlyingCarpet03-1024x1024.jpg 1024w, https:\/\/mille1000.de\/wp-content\/uploads\/content_Occhio_FlyingCarpet03-300x300.jpg 300w, https:\/\/mille1000.de\/wp-content\/uploads\/content_Occhio_FlyingCarpet03-150x150.jpg 150w, https:\/\/mille1000.de\/wp-content\/uploads\/content_Occhio_FlyingCarpet03-768x768.jpg 768w, https:\/\/mille1000.de\/wp-content\/uploads\/content_Occhio_FlyingCarpet03.jpg 1106w\" sizes=\"auto, (max-width: 1024px) 100vw, 1024px\" \/><\/figure>\n<\/figure>\n<\/div>\n\n\n\n<div class=\"wp-block-group has-global-padding is-layout-constrained wp-container-core-group-is-layout-f1ba3e7e wp-block-group-is-layout-constrained\">\n<div class=\"wp-block-group is-vertical is-content-justification-center is-layout-flex wp-container-core-group-is-layout-52b864f0 wp-block-group-is-layout-flex\">\n<div style=\"height:0px\" aria-hidden=\"true\" class=\"wp-block-spacer wp-container-content-0e548e02\"><\/div>\n\n\n\n<h2 class=\"wp-block-heading has-text-align-center is-style-asterisk\">Schaubilder 01<\/h2>\n\n\n\n<div style=\"height:0px\" aria-hidden=\"true\" class=\"wp-block-spacer wp-container-content-82644e15\"><\/div>\n<\/div>\n\n\n\n<div class=\"wp-block-group is-nowrap is-layout-flex wp-container-core-group-is-layout-6c531013 wp-block-group-is-layout-flex\">\n<figure class=\"wp-block-image size-large\"><img loading=\"lazy\" decoding=\"async\" width=\"1444\" height=\"1024\" src=\"https:\/\/mille1000.de\/wp-content\/uploads\/content_Occhio_Schaubilder01-1444x1024.jpg\" alt=\"\" class=\"wp-image-111\" style=\"box-shadow:var(--wp--preset--shadow--natural);object-fit:cover\" srcset=\"https:\/\/mille1000.de\/wp-content\/uploads\/content_Occhio_Schaubilder01-1444x1024.jpg 1444w, https:\/\/mille1000.de\/wp-content\/uploads\/content_Occhio_Schaubilder01-300x213.jpg 300w, https:\/\/mille1000.de\/wp-content\/uploads\/content_Occhio_Schaubilder01-768x545.jpg 768w, https:\/\/mille1000.de\/wp-content\/uploads\/content_Occhio_Schaubilder01-1536x1089.jpg 1536w, https:\/\/mille1000.de\/wp-content\/uploads\/content_Occhio_Schaubilder01.jpg 2012w\" sizes=\"auto, (max-width: 1444px) 100vw, 1444px\" \/><\/figure>\n\n\n\n<figure class=\"wp-block-image size-large\"><img loading=\"lazy\" decoding=\"async\" width=\"672\" height=\"1024\" src=\"https:\/\/mille1000.de\/wp-content\/uploads\/content_Occhio_Schaubilder02-672x1024.jpg\" alt=\"\" class=\"wp-image-110\" style=\"box-shadow:var(--wp--preset--shadow--natural);object-fit:cover\" srcset=\"https:\/\/mille1000.de\/wp-content\/uploads\/content_Occhio_Schaubilder02-672x1024.jpg 672w, https:\/\/mille1000.de\/wp-content\/uploads\/content_Occhio_Schaubilder02-197x300.jpg 197w, https:\/\/mille1000.de\/wp-content\/uploads\/content_Occhio_Schaubilder02-768x1170.jpg 768w, https:\/\/mille1000.de\/wp-content\/uploads\/content_Occhio_Schaubilder02.jpg 937w\" sizes=\"auto, (max-width: 672px) 100vw, 672px\" \/><\/figure>\n<\/div>\n<\/div>\n","protected":false},"excerpt":{"rendered":"<p>Occhio! \u2013 Bilder, Ausstellungen 2011 \u2013 Ausstellung KV Ebersberg Wir beginnen immer wieder neu, setzen auf den n\u00e4chsten Anfang. Ein zartes Karussell aus S\u00e4tzen \u00fcber Freundschaft, Liebe, Hoffnung \u2013 am Boden ein Labyrinth aus Sand. 2011 im Kunstverein Ebersberg. Flying Carpet 30 x 30 cm, jede nur ein Blatt \u2013 166 K\u00fcnstlerinnen aus 24 L\u00e4ndern [&hellip;]<\/p>\n","protected":false},"author":1,"featured_media":0,"parent":19,"menu_order":4,"comment_status":"closed","ping_status":"closed","template":"","meta":{"footnotes":""},"class_list":["post-89","page","type-page","status-publish","hentry"],"_links":{"self":[{"href":"https:\/\/mille1000.de\/index.php\/wp-json\/wp\/v2\/pages\/89","targetHints":{"allow":["GET"]}}],"collection":[{"href":"https:\/\/mille1000.de\/index.php\/wp-json\/wp\/v2\/pages"}],"about":[{"href":"https:\/\/mille1000.de\/index.php\/wp-json\/wp\/v2\/types\/page"}],"author":[{"embeddable":true,"href":"https:\/\/mille1000.de\/index.php\/wp-json\/wp\/v2\/users\/1"}],"replies":[{"embeddable":true,"href":"https:\/\/mille1000.de\/index.php\/wp-json\/wp\/v2\/comments?post=89"}],"version-history":[{"count":11,"href":"https:\/\/mille1000.de\/index.php\/wp-json\/wp\/v2\/pages\/89\/revisions"}],"predecessor-version":[{"id":461,"href":"https:\/\/mille1000.de\/index.php\/wp-json\/wp\/v2\/pages\/89\/revisions\/461"}],"up":[{"embeddable":true,"href":"https:\/\/mille1000.de\/index.php\/wp-json\/wp\/v2\/pages\/19"}],"wp:attachment":[{"href":"https:\/\/mille1000.de\/index.php\/wp-json\/wp\/v2\/media?parent=89"}],"curies":[{"name":"wp","href":"https:\/\/api.w.org\/{rel}","templated":true}]}}