{"id":84,"date":"2024-10-13T21:47:22","date_gmt":"2024-10-13T19:47:22","guid":{"rendered":"https:\/\/mille1000.de\/?page_id=84"},"modified":"2024-10-28T12:35:36","modified_gmt":"2024-10-28T11:35:36","slug":"travail-en-cours","status":"publish","type":"page","link":"https:\/\/mille1000.de\/index.php\/home\/travail-en-cours\/","title":{"rendered":"Travail en cours"},"content":{"rendered":"\n<p class=\"has-contrast-color has-text-color has-link-color has-xx-large-font-size wp-elements-6a92789afa68cd87a8a5e987d98b1627\" style=\"margin-top:0;margin-bottom:0;padding-top:0;padding-bottom:0\">Travail en cours \u2013 Aktuell<\/p>\n\n\n\n<figure class=\"wp-block-image aligncenter size-full\"><img loading=\"lazy\" decoding=\"async\" width=\"1960\" height=\"1166\" src=\"https:\/\/mille1000.de\/wp-content\/uploads\/Hintergrundbild_02_TravailEnCours.jpg\" alt=\"\" class=\"wp-image-60\" srcset=\"https:\/\/mille1000.de\/wp-content\/uploads\/Hintergrundbild_02_TravailEnCours.jpg 1960w, https:\/\/mille1000.de\/wp-content\/uploads\/Hintergrundbild_02_TravailEnCours-300x178.jpg 300w, https:\/\/mille1000.de\/wp-content\/uploads\/Hintergrundbild_02_TravailEnCours-1721x1024.jpg 1721w, https:\/\/mille1000.de\/wp-content\/uploads\/Hintergrundbild_02_TravailEnCours-768x457.jpg 768w, https:\/\/mille1000.de\/wp-content\/uploads\/Hintergrundbild_02_TravailEnCours-1536x914.jpg 1536w\" sizes=\"auto, (max-width: 1960px) 100vw, 1960px\" \/><\/figure>\n\n\n\n<div class=\"wp-block-group has-global-padding is-layout-constrained wp-container-core-group-is-layout-f1ba3e7e wp-block-group-is-layout-constrained\">\n<div class=\"wp-block-group is-vertical is-content-justification-center is-layout-flex wp-container-core-group-is-layout-52b864f0 wp-block-group-is-layout-flex\">\n<div style=\"height:0px\" aria-hidden=\"true\" class=\"wp-block-spacer wp-container-content-1dabbf03\"><\/div>\n\n\n\n<h2 class=\"wp-block-heading has-text-align-center is-style-asterisk\">Zukunftsforum Leipzig<\/h2>\n\n\n\n<div style=\"height:0px\" aria-hidden=\"true\" class=\"wp-block-spacer wp-container-content-82644e15\"><\/div>\n<\/div>\n\n\n\n<p class=\"has-text-align-left has-link-color has-medium-font-size wp-elements-9e284c724dd6265d1493249c5838683f wp-container-content-952c586e\" style=\"margin-top:0;margin-right:0;margin-bottom:0;margin-left:0;padding-top:0;padding-right:0;padding-bottom:0;padding-left:0\">Demokratie st\u00e4rken, gemeinsam gegen Desinformation angehen, das Gespr\u00e4ch suchen \u2013 das sind die Anliegen des Zukunfts\u00adforums. Im Mai 2024 fand das <a href=\"https:\/\/zukunftsforum-dresden.eu\/\" target=\"_blank\" rel=\"noreferrer noopener\">erste gr\u00f6\u00dfere Treffen in Dresden<\/a> statt, alle Vortr\u00e4ge sind auf Youtube zu sehen. Im Oktober 2024 ist das <a href=\"https:\/\/zukunftsforum-leipzig.eu\/\" target=\"_blank\" rel=\"noreferrer noopener\">2. Treffen in Leipzig<\/a>, mit zahlreichen Menschen aus Medien, Wissenschaft, b\u00fcrgerschaftlichem Engagement. Das Zukunftsforum ist \u00fcberparteilich, nirgendwo gebunden, speist sich aus dem Engagement aller, die Demokratie, Austausch und Information wichtig finden und etwas daf\u00fcr tun wollen. Urheber und Plattform zur Organisation des Veranstaltungs\u00adformats \u201eZukunftsforum\u201c ist der <a href=\"https:\/\/agile-demokratie.org\/\" target=\"_blank\" rel=\"noreferrer noopener\">Verein Agile Demokratie<\/a>.<\/p>\n<\/div>\n\n\n\n<div class=\"wp-block-group has-global-padding is-layout-constrained wp-container-core-group-is-layout-f1ba3e7e wp-block-group-is-layout-constrained\">\n<div class=\"wp-block-group is-vertical is-content-justification-center is-layout-flex wp-container-core-group-is-layout-52b864f0 wp-block-group-is-layout-flex\">\n<h2 class=\"wp-block-heading has-text-align-center is-style-asterisk\">Offene G\u00e4rten der Ahr<\/h2>\n\n\n\n<div style=\"height:0px\" aria-hidden=\"true\" class=\"wp-block-spacer wp-container-content-82644e15\"><\/div>\n<\/div>\n\n\n\n<p class=\"has-text-align-left has-link-color has-medium-font-size wp-elements-4298115a31e37d0a8a8cfe7c0e403f86 wp-container-content-952c586e\" style=\"margin-top:0;margin-right:0;margin-bottom:0;margin-left:0;padding-top:0;padding-right:0;padding-bottom:0;padding-left:0\">Viele private G\u00e4rten im Ahrtal wirken als Orte des Aufbaus, der Hoffnung f\u00fcr von der Flut 2021 betroffene Menschen und Gemeinden. Diana Ivanova hat 2023 ein Projekt ins Leben gerufen, das einl\u00e4dt zu Gespr\u00e4ch, Musik, Vernetzung mit denen, die ihre G\u00e4rten einmalig f\u00fcr Besucher \u00f6ffnen. Mit einer Lesung des Textes <a href=\"https:\/\/mille1000.de\/index.php\/home\/cillarim\/120-2\/\" data-type=\"page\" data-id=\"120\">Artur und das in uns<\/a> in den Geheimen G\u00e4rten in Rolandswerth durfte ich 2024 dabei sein, im Jahr davor mit Artikeln und einer Ausstellung eigener Bilder. In Folge 7 <a href=\"https:\/\/89schritte.de\/2022\/04\/19\/folge-7-ulrike-bernhard-miller\/\" target=\"_blank\" rel=\"noreferrer noopener\">\u201eWie eine H\u00e4ngematte\u201d<\/a> des Blogs &#8222;89 Schritte&#8220; von Diana Iwanowa k\u00f6nnen Sie ein Gespr\u00e4ch \u00fcber die Freundschaft, die Krise, das Erlebte und Erinnerte nachh\u00f6ren.<\/p>\n<\/div>\n\n\n\n<div class=\"wp-block-group has-global-padding is-layout-constrained wp-container-core-group-is-layout-f1ba3e7e wp-block-group-is-layout-constrained\">\n<div class=\"wp-block-group is-vertical is-content-justification-center is-layout-flex wp-container-core-group-is-layout-52b864f0 wp-block-group-is-layout-flex\">\n<h2 class=\"wp-block-heading has-text-align-center is-style-asterisk\">D\u00f6rlemann Verlag<\/h2>\n\n\n\n<div style=\"height:0px\" aria-hidden=\"true\" class=\"wp-block-spacer wp-container-content-82644e15\"><\/div>\n<\/div>\n\n\n\n<p class=\"has-text-align-left has-medium-font-size wp-container-content-952c586e\" style=\"margin-top:0;margin-right:0;margin-bottom:0;margin-left:0;padding-top:0;padding-right:0;padding-bottom:0;padding-left:0\">Weitere Informationen zu der Publikation werden demn\u00e4chst hier bekanntgegeben.<\/p>\n<\/div>\n","protected":false},"excerpt":{"rendered":"<p>Travail en cours \u2013 Aktuell Zukunftsforum Leipzig Demokratie st\u00e4rken, gemeinsam gegen Desinformation angehen, das Gespr\u00e4ch suchen \u2013 das sind die Anliegen des Zukunfts\u00adforums. Im Mai 2024 fand das erste gr\u00f6\u00dfere Treffen in Dresden statt, alle Vortr\u00e4ge sind auf Youtube zu sehen. Im Oktober 2024 ist das 2. Treffen in Leipzig, mit zahlreichen Menschen aus Medien, [&hellip;]<\/p>\n","protected":false},"author":1,"featured_media":0,"parent":19,"menu_order":2,"comment_status":"closed","ping_status":"closed","template":"","meta":{"footnotes":""},"class_list":["post-84","page","type-page","status-publish","hentry"],"_links":{"self":[{"href":"https:\/\/mille1000.de\/index.php\/wp-json\/wp\/v2\/pages\/84","targetHints":{"allow":["GET"]}}],"collection":[{"href":"https:\/\/mille1000.de\/index.php\/wp-json\/wp\/v2\/pages"}],"about":[{"href":"https:\/\/mille1000.de\/index.php\/wp-json\/wp\/v2\/types\/page"}],"author":[{"embeddable":true,"href":"https:\/\/mille1000.de\/index.php\/wp-json\/wp\/v2\/users\/1"}],"replies":[{"embeddable":true,"href":"https:\/\/mille1000.de\/index.php\/wp-json\/wp\/v2\/comments?post=84"}],"version-history":[{"count":6,"href":"https:\/\/mille1000.de\/index.php\/wp-json\/wp\/v2\/pages\/84\/revisions"}],"predecessor-version":[{"id":457,"href":"https:\/\/mille1000.de\/index.php\/wp-json\/wp\/v2\/pages\/84\/revisions\/457"}],"up":[{"embeddable":true,"href":"https:\/\/mille1000.de\/index.php\/wp-json\/wp\/v2\/pages\/19"}],"wp:attachment":[{"href":"https:\/\/mille1000.de\/index.php\/wp-json\/wp\/v2\/media?parent=84"}],"curies":[{"name":"wp","href":"https:\/\/api.w.org\/{rel}","templated":true}]}}