{"id":7,"date":"2024-10-13T16:23:41","date_gmt":"2024-10-13T14:23:41","guid":{"rendered":"https:\/\/mille1000.de\/?page_id=7"},"modified":"2024-10-20T11:26:18","modified_gmt":"2024-10-20T09:26:18","slug":"cillarim","status":"publish","type":"page","link":"https:\/\/mille1000.de\/index.php\/home\/cillarim\/","title":{"rendered":"\u00c7illarim"},"content":{"rendered":"\n<p class=\"has-contrast-color has-text-color has-link-color has-xx-large-font-size wp-elements-785b68d79cfd19f27e21c873125a4573\" style=\"margin-top:0;margin-bottom:0;padding-top:0;padding-bottom:0\">\u00c7illarim \u2013 Texte<\/p>\n\n\n\n<figure class=\"wp-block-image aligncenter size-full\"><img loading=\"lazy\" decoding=\"async\" width=\"1536\" height=\"1024\" src=\"https:\/\/mille1000.de\/wp-content\/uploads\/Hintergrundbild_03_Cillarim.jpg\" alt=\"\" class=\"wp-image-61\" srcset=\"https:\/\/mille1000.de\/wp-content\/uploads\/Hintergrundbild_03_Cillarim.jpg 1536w, https:\/\/mille1000.de\/wp-content\/uploads\/Hintergrundbild_03_Cillarim-300x200.jpg 300w, https:\/\/mille1000.de\/wp-content\/uploads\/Hintergrundbild_03_Cillarim-768x512.jpg 768w\" sizes=\"auto, (max-width: 1536px) 100vw, 1536px\" \/><\/figure>\n\n\n\n<div class=\"wp-block-group has-global-padding is-layout-constrained wp-container-core-group-is-layout-f1ba3e7e wp-block-group-is-layout-constrained\">\n<div class=\"wp-block-group is-vertical is-content-justification-center is-layout-flex wp-container-core-group-is-layout-52b864f0 wp-block-group-is-layout-flex\">\n<div style=\"height:0px\" aria-hidden=\"true\" class=\"wp-block-spacer wp-container-content-1dabbf03\"><\/div>\n\n\n\n<h2 class=\"wp-block-heading has-text-align-center is-style-asterisk\">Artur und das in uns<\/h2>\n\n\n\n<div style=\"height:0px\" aria-hidden=\"true\" class=\"wp-block-spacer wp-container-content-4f2ccadb\"><\/div>\n\n\n\n<p class=\"has-text-align-center has-small-font-size\">Lesung am 15. September 2024<br>in den Geheimen G\u00e4rten, Rolandswert<br>im Rahmen der Reihe <a href=\"https:\/\/offeneahr.de\/blog\/\" target=\"_blank\" rel=\"noreferrer noopener nofollow\"><strong><em><mark style=\"background-color:rgba(0, 0, 0, 0)\" class=\"has-inline-color has-accent-3-color\">Offene G\u00e4rten der Ahr<\/mark><\/em><\/strong><\/a>.<\/p>\n\n\n\n<div style=\"height:0px\" aria-hidden=\"true\" class=\"wp-block-spacer wp-container-content-82644e15\"><\/div>\n<\/div>\n\n\n\n<p class=\"has-text-align-left has-medium-font-size wp-container-content-952c586e\" style=\"margin-top:0;margin-right:0;margin-bottom:0;margin-left:0;padding-top:0;padding-right:0;padding-bottom:0;padding-left:0\">Artur fragt seine Gro\u00dfmutter: &#8222;Wie geht das: Leben?&#8220;<br><br>Gro\u00dfmutter schaut den Jungen eine Weile an. &#8222;Artur&#8220;, sagt sie schlie\u00dflich, &#8222;Artur, lebe wild und gef\u00e4hrlich.&#8220;<\/p>\n\n\n\n<p class=\"has-contrast-3-color has-text-color has-link-color has-small-font-size wp-elements-974a7220613c005305692eed2bbacbdc\" style=\"margin-top:var(--wp--preset--spacing--10);margin-bottom:var(--wp--preset--spacing--10);padding-right:0;padding-left:0\"><a href=\"https:\/\/mille1000.de\/index.php\/home\/cillarim\/120-2\/\" data-type=\"page\" data-id=\"120\"><strong><em><mark style=\"background-color:rgba(0, 0, 0, 0)\" class=\"has-inline-color has-accent-3-color\">weiterlesen&#8230;<\/mark><\/em><\/strong><\/a><\/p>\n<\/div>\n\n\n\n<div class=\"wp-block-group has-global-padding is-layout-constrained wp-container-core-group-is-layout-f1ba3e7e wp-block-group-is-layout-constrained\">\n<div class=\"wp-block-group is-vertical is-content-justification-center is-layout-flex wp-container-core-group-is-layout-52b864f0 wp-block-group-is-layout-flex\">\n<h2 class=\"wp-block-heading has-text-align-center is-style-asterisk\">Gr\u00fcndet Inseln!<\/h2>\n\n\n\n<div style=\"height:0px\" aria-hidden=\"true\" class=\"wp-block-spacer wp-container-content-4f2ccadb\"><\/div>\n\n\n\n<p class=\"has-text-align-center has-small-font-size\">Die Zeit, eines der gr\u00f6\u00dften R\u00e4tsel, ist nicht einfach zu fassen.<br>Ein Versuch.<\/p>\n\n\n\n<div style=\"height:0px\" aria-hidden=\"true\" class=\"wp-block-spacer wp-container-content-82644e15\"><\/div>\n<\/div>\n\n\n\n<p class=\"has-text-align-left has-medium-font-size wp-container-content-952c586e\" style=\"margin-top:0;margin-right:0;margin-bottom:0;margin-left:0;padding-top:0;padding-right:0;padding-bottom:0;padding-left:0\">Einen Moment, bitte. Herr Peters stellt den Aktenkoffer ab, \u00f6ffnet den Mantel, kramt in seiner Jackettasche.<br>Please, could you tell me the time?<\/p>\n\n\n\n<p class=\"has-contrast-3-color has-text-color has-link-color has-small-font-size wp-elements-d1bde2e2915da3ce39857c09d1e28c2e\"><a href=\"https:\/\/mille1000.de\/index.php\/home\/cillarim\/124-2\/\" data-type=\"page\" data-id=\"124\"><strong><em><mark style=\"background-color:rgba(0, 0, 0, 0)\" class=\"has-inline-color has-accent-3-color\">weiterlesen&#8230;<\/mark><\/em><\/strong><\/a><\/p>\n<\/div>\n\n\n\n<div class=\"wp-block-group has-global-padding is-layout-constrained wp-container-core-group-is-layout-f1ba3e7e wp-block-group-is-layout-constrained\">\n<div class=\"wp-block-group is-vertical is-content-justification-center is-layout-flex wp-container-core-group-is-layout-52b864f0 wp-block-group-is-layout-flex\">\n<h2 class=\"wp-block-heading has-text-align-center is-style-asterisk\">Fernando<\/h2>\n\n\n\n<div style=\"height:0px\" aria-hidden=\"true\" class=\"wp-block-spacer wp-container-content-4f2ccadb\"><\/div>\n\n\n\n<p class=\"has-text-align-center has-small-font-size\">F\u00fcr diesen Text vergab die Jury des Literaturb\u00fcros M\u00fcnchen im bundesweiten Wettbewerb den 1. Preis.<\/p>\n\n\n\n<div style=\"height:0px\" aria-hidden=\"true\" class=\"wp-block-spacer wp-container-content-82644e15\"><\/div>\n<\/div>\n\n\n\n<p class=\"has-text-align-left blocksatz has-medium-font-size wp-container-content-952c586e\" style=\"margin-top:0;margin-right:0;margin-bottom:0;margin-left:0;padding-top:0;padding-right:0;padding-bottom:0;padding-left:0\">Fernando hat die Kette bekommen, er will damit die Weihnachtskrippe reparieren. Die Klingel hat Manolo, der Wirt, \u00fcber seine Theke genagelt, und er l\u00e4utet sie immer, wenn er abends zusperren will. Oder wenn jemand einen besonders guten Witz erz\u00e4hlt hat. Aber das kommt selten vor.<\/p>\n\n\n\n<p class=\"has-contrast-3-color has-text-color has-link-color has-small-font-size wp-elements-b136624fb197e783450672ee4abb1f46\"><a href=\"https:\/\/mille1000.de\/index.php\/home\/cillarim\/130-2\/\" data-type=\"page\" data-id=\"130\"><strong><em><mark style=\"background-color:rgba(0, 0, 0, 0)\" class=\"has-inline-color has-accent-3-color\">weiterlesen&#8230;<\/mark><\/em><\/strong><\/a><\/p>\n<\/div>\n\n\n\n<div class=\"wp-block-group has-global-padding is-layout-constrained wp-container-core-group-is-layout-f1ba3e7e wp-block-group-is-layout-constrained\">\n<div class=\"wp-block-group is-vertical is-content-justification-center is-layout-flex wp-container-core-group-is-layout-52b864f0 wp-block-group-is-layout-flex\">\n<h2 class=\"wp-block-heading has-text-align-center is-style-asterisk\">Fl\u00f6r versinkt<\/h2>\n\n\n\n<div style=\"height:0px\" aria-hidden=\"true\" class=\"wp-block-spacer wp-container-content-4f2ccadb\"><\/div>\n\n\n\n<p class=\"has-text-align-center has-small-font-size\">Einer der Texte, die sich der seltsamen Welt der G\u00e4rten und Pflanzen anzun\u00e4hern versuchen.<br>Erschienen in Biss M\u00fcnchen.<\/p>\n\n\n\n<div style=\"height:0px\" aria-hidden=\"true\" class=\"wp-block-spacer wp-container-content-82644e15\"><\/div>\n<\/div>\n\n\n\n<p class=\"has-text-align-left has-medium-font-size wp-container-content-952c586e\" style=\"margin-top:0;margin-right:0;margin-bottom:0;margin-left:0;padding-top:0;padding-right:0;padding-bottom:0;padding-left:0\">Nie von einer Biene gestochen. Oder Hummel, Wespe, Hornisse. Sah Fl\u00f6r, leicht rundliche, weiche Frau von mittlerem Alter, die in einem pers\u00f6nlichen, umfassenden Zustand von Gl\u00fcck lebte, dass die von ihr ausgew\u00e4hlten Blumen umflogen wurden von solchen Tieren, ging sie in die Knie und sch\u00fcttelte ihr kastanienbraunes Haar einige Male nicht zu wild von rechts nach links und zur\u00fcck.<\/p>\n\n\n\n<p class=\"has-contrast-3-color has-text-color has-link-color has-small-font-size wp-elements-550704347e02e1ff1cbc4952080bd687\"><a href=\"https:\/\/mille1000.de\/index.php\/home\/cillarim\/134-2\/\" data-type=\"page\" data-id=\"134\"><strong><em><mark style=\"background-color:rgba(0, 0, 0, 0)\" class=\"has-inline-color has-accent-3-color\">weiterlesen&#8230;<\/mark><\/em><\/strong><\/a><\/p>\n<\/div>\n\n\n\n<div class=\"wp-block-group has-global-padding is-layout-constrained wp-container-core-group-is-layout-f1ba3e7e wp-block-group-is-layout-constrained\">\n<div class=\"wp-block-group is-vertical is-content-justification-center is-layout-flex wp-container-core-group-is-layout-52b864f0 wp-block-group-is-layout-flex\">\n<h2 class=\"wp-block-heading has-text-align-center is-style-asterisk\">Der Riss<\/h2>\n\n\n\n<div style=\"height:0px\" aria-hidden=\"true\" class=\"wp-block-spacer wp-container-content-4f2ccadb\"><\/div>\n\n\n\n<p class=\"has-text-align-center has-small-font-size\">Erschienen in der Sammlung Ghost Reiterinnen der Gedok M\u00fcnchen<\/p>\n<\/div>\n\n\n\n<div class=\"wp-block-columns is-layout-flex wp-container-core-columns-is-layout-28f84493 wp-block-columns-is-layout-flex\">\n<div class=\"wp-block-column is-layout-flow wp-block-column-is-layout-flow\">\n<p class=\"has-text-align-left has-medium-font-size wp-container-content-952c586e\" style=\"margin-top:0;margin-right:0;margin-bottom:0;margin-left:0;padding-top:0;padding-right:0;padding-bottom:0;padding-left:0\">Ihre Gleichg\u00fcltigkeit gegen\u00fcber dem, was ist, habe ich den Heimatlosen insgeheim immer geneidet. Auch an dem Tag, als ich zum erstenmal Bekanntschaft mit dem Haus und seinen fr\u00fcheren Bewohnern machte, fuhr ich herum, wie ich es gelegentlich tue, einerseits ziellos, aber durchaus suchend in genau dieser Gegend. Mittagessen unter den Arkaden, die den Hauptplatz eines kleinen Ortes s\u00e4umten. Oktoberwind. Warm, mit einer Unterstr\u00f6mung, die schon den Winter in die Schatten zeichnete. Mein Tisch stand gesch\u00fctzt auf der Terrasse des Lokals. Das Essen war einfach, angemessen. Ich schaute \u00fcber den Platz, die geparkten Autos, den Brunnen in der Mitte, das Karr\u00e9e aus Platanen, das die Linien der H\u00e4userzeilen nachzog. Ein Spielfeld, dessen Regeln ich nicht kannte. Ich hatte keinerlei Erwartungen, sp\u00fcrte mein Fremdsein, ignorierte es ebenso wie den Wunsch, dazuzugeh\u00f6ren, der mich wie oft in solcher Umgebung auch jetzt anfiel und mir jedes Mal die Vorstellung eingibt, s\u00e4mtliche Menschen, die ich an anderen Tischen, in Gesch\u00e4ften, vor ihren Fahrzeugen, mit Eink\u00e4ufen, Hunden, Kindern sehe, w\u00e4ren hier verwurzelt, am f\u00fcr sie einzig richtigen Ort, unl\u00f6sbar und wie eingeschrieben hinter die Fenster und Mauern.<\/p>\n\n\n\n<p class=\"has-contrast-3-color has-text-color has-link-color has-small-font-size wp-elements-b23901996f7ce118eb9f6e3b6a7cfbec\"><a href=\"https:\/\/mille1000.de\/index.php\/home\/cillarim\/140-2\/\" data-type=\"page\" data-id=\"140\"><strong><em><mark style=\"background-color:rgba(0, 0, 0, 0)\" class=\"has-inline-color has-accent-3-color\">weiterlesen&#8230;<\/mark><\/em><\/strong><\/a><\/p>\n<\/div>\n\n\n\n<div class=\"wp-block-column is-layout-flow wp-block-column-is-layout-flow\">\n<figure class=\"wp-block-image aligncenter size-full\"><img loading=\"lazy\" decoding=\"async\" width=\"408\" height=\"580\" src=\"https:\/\/mille1000.de\/wp-content\/uploads\/content_Cillarim_Ghost-Reiterinnen.jpg\" alt=\"\" class=\"wp-image-75\" srcset=\"https:\/\/mille1000.de\/wp-content\/uploads\/content_Cillarim_Ghost-Reiterinnen.jpg 408w, https:\/\/mille1000.de\/wp-content\/uploads\/content_Cillarim_Ghost-Reiterinnen-211x300.jpg 211w\" sizes=\"auto, (max-width: 408px) 100vw, 408px\" \/><\/figure>\n<\/div>\n<\/div>\n<\/div>\n\n\n\n<div style=\"height:55px\" aria-hidden=\"true\" class=\"wp-block-spacer\"><\/div>\n\n\n\n<div class=\"wp-block-group has-global-padding is-layout-constrained wp-container-core-group-is-layout-f1ba3e7e wp-block-group-is-layout-constrained\">\n<div class=\"wp-block-columns is-layout-flex wp-container-core-columns-is-layout-28f84493 wp-block-columns-is-layout-flex\">\n<div class=\"wp-block-column is-layout-flow wp-container-core-column-is-layout-41c28552 wp-block-column-is-layout-flow\" style=\"padding-top:0;padding-right:0px;padding-bottom:0;padding-left:0px;flex-basis:330px\">\n<figure class=\"wp-block-image aligncenter size-full\"><img loading=\"lazy\" decoding=\"async\" width=\"403\" height=\"580\" src=\"https:\/\/mille1000.de\/wp-content\/uploads\/content_Cillarim_Schachkatalog.jpg\" alt=\"\" class=\"wp-image-79\" srcset=\"https:\/\/mille1000.de\/wp-content\/uploads\/content_Cillarim_Schachkatalog.jpg 403w, https:\/\/mille1000.de\/wp-content\/uploads\/content_Cillarim_Schachkatalog-208x300.jpg 208w\" sizes=\"auto, (max-width: 403px) 100vw, 403px\" \/><\/figure>\n\n\n\n<p class=\"has-contrast-3-color has-text-color has-link-color has-small-font-size wp-elements-d14f1a307e7b9eccf4655c4b10d6c46f\"><em><a href=\"https:\/\/schachundkultur.org\/\" target=\"_blank\" rel=\"noreferrer noopener nofollow\"><mark style=\"background-color:rgba(0, 0, 0, 0)\" class=\"has-inline-color has-accent-3-color\"><strong>Schach- und Kulturstiftung G.H.S.<\/strong><\/mark><\/a><\/em><\/p>\n<\/div>\n\n\n\n<div class=\"wp-block-column is-layout-flow wp-block-column-is-layout-flow\">\n<div class=\"wp-block-columns is-layout-flex wp-container-core-columns-is-layout-28f84493 wp-block-columns-is-layout-flex\">\n<div class=\"wp-block-column is-layout-flow wp-block-column-is-layout-flow\">\n<div style=\"height:8px\" aria-hidden=\"true\" class=\"wp-block-spacer\"><\/div>\n\n\n\n<h2 class=\"wp-block-heading has-text-align-center is-style-default\">Ite! Ludite!<\/h2>\n<\/div>\n\n\n\n<div class=\"wp-block-column is-layout-flow wp-block-column-is-layout-flow\">\n<h2 class=\"wp-block-heading has-text-align-center is-style-default\">Die Emanzipation des&nbsp;Sancho&nbsp;Pansa<\/h2>\n<\/div>\n<\/div>\n\n\n\n<p class=\"has-text-align-center has-small-font-size\">F\u00fcr den Katalog zur Ausstellung Schach und Poesie, 2016, der Schach- und Kulturstiftung G.H.S.<\/p>\n\n\n\n<div class=\"wp-block-columns is-layout-flex wp-container-core-columns-is-layout-28f84493 wp-block-columns-is-layout-flex\">\n<div class=\"wp-block-column is-layout-flow wp-block-column-is-layout-flow\">\n<p>Aus schwarzen N\u00e4chten und wei\u00dfen Tagen zeichnet Jorge Luis Borges das Gef\u00e4ngnis, in dem sein Schachspieler festsitzt, unrettbar lebenslang. Wie seine Figuren wei\u00df auch der Spieler nicht, welchen Zug die Hand der Vorsehung als n\u00e4chsten f\u00fcr ihn parat hat. Nur das Ende ist gewiss: Omar Khayyams lyrischer Urteilsspruch packt alle, Mensch wie Figur, in die h\u00f6lzerne Kiste.<\/p>\n\n\n\n<p class=\"has-contrast-3-color has-text-color has-link-color has-small-font-size wp-elements-74340db27f9025c8d4ff235ec07a89e1\"><a href=\"https:\/\/mille1000.de\/index.php\/home\/cillarim\/144-2\/\" data-type=\"page\" data-id=\"144\"><strong><em><mark style=\"background-color:rgba(0, 0, 0, 0)\" class=\"has-inline-color has-accent-3-color\">weiterlesen&#8230;<\/mark><\/em><\/strong><\/a><\/p>\n<\/div>\n\n\n\n<div class=\"wp-block-column is-layout-flow wp-block-column-is-layout-flow\">\n<p>Um Spiel, Ausstattung und Spieler des Schach kreist ein Kosmos, den die Fotografie bisher zuverl\u00e4ssig bebildert:<br>Bretter und Figuren \u2013 alt, modern, artifiziell oder schlicht, Kunsthandwerk oder fast schon Kunst. Spieler (seltenst:<br>Spielerinnen) \u2013 gr\u00fcbelnd am Brett, im Gespr\u00e4ch, einsam, zweisam, kongress\u00adgruppiert. Kunstwerke, Schach in vielen Formen enthaltend.<\/p>\n\n\n\n<p class=\"has-contrast-3-color has-text-color has-link-color has-small-font-size wp-elements-3764b8d1bf9207aed04a306ccdac1f6a\"><a href=\"https:\/\/mille1000.de\/index.php\/home\/cillarim\/148-2\/\" data-type=\"page\" data-id=\"148\"><strong><em><mark style=\"background-color:rgba(0, 0, 0, 0)\" class=\"has-inline-color has-accent-3-color\">weiterlesen&#8230;<\/mark><\/em><\/strong><\/a><\/p>\n<\/div>\n<\/div>\n<\/div>\n<\/div>\n<\/div>\n\n\n\n<div style=\"height:55px\" aria-hidden=\"true\" class=\"wp-block-spacer\"><\/div>\n\n\n\n<div class=\"wp-block-group has-global-padding is-content-justification-center is-layout-constrained wp-container-core-group-is-layout-22e92805 wp-block-group-is-layout-constrained\">\n<div class=\"wp-block-group is-vertical is-content-justification-center is-layout-flex wp-container-core-group-is-layout-52b864f0 wp-block-group-is-layout-flex\">\n<h2 class=\"wp-block-heading has-text-align-center is-style-asterisk\">Sichtweisen<\/h2>\n\n\n\n<div style=\"height:0px\" aria-hidden=\"true\" class=\"wp-block-spacer wp-container-content-4f2ccadb\"><\/div>\n\n\n\n<p class=\"has-text-align-center has-small-font-size\">Das Gedicht erschien im Kalender der Gedok Franken.<\/p>\n\n\n\n<div style=\"height:0px\" aria-hidden=\"true\" class=\"wp-block-spacer wp-container-content-82644e15\"><\/div>\n<\/div>\n\n\n\n<p class=\"has-text-align-left has-large-font-size wp-container-content-952c586e\" style=\"margin-top:0;margin-right:0;margin-bottom:0;margin-left:0;padding-top:0;padding-right:0;padding-bottom:0;padding-left:0\">Sicht weisen<\/p>\n\n\n\n<p>Willst du mit mir die Stadt umrunden<br>auf einem Bein wie Riesen<br>jeder Schritt ein neuer Teich f\u00fcr<br>Kinder und bunte Boote<br><br>Oder fliegen<br>nachts<br>mit den Eulen<br>jagen<br>nach dem Ja, dem Nein<br><br>Vielleicht gehen wir zusammen<br>von T\u00fcr zu T\u00fcr?<br>Und wischen blo\u00df die Zeichen ab &#8211;<br>doch, die gibt es immer noch und wieder<br><br>Wie gut, dass wir von den Bergen her kommen, von<br>Stille Einsamkeit unter B\u00e4umen Felsen<br><br>Schutz gibt es und<br>gibt es nicht<\/p>\n\n\n\n<p><em>Ulrike Budde, GEDOK M\u00fcnchen<\/em><\/p>\n<\/div>\n","protected":false},"excerpt":{"rendered":"<p>\u00c7illarim \u2013 Texte Artur und das in uns Lesung am 15. September 2024in den Geheimen G\u00e4rten, Rolandswertim Rahmen der Reihe Offene G\u00e4rten der Ahr. Artur fragt seine Gro\u00dfmutter: &#8222;Wie geht das: Leben?&#8220; Gro\u00dfmutter schaut den Jungen eine Weile an. &#8222;Artur&#8220;, sagt sie schlie\u00dflich, &#8222;Artur, lebe wild und gef\u00e4hrlich.&#8220; weiterlesen&#8230; Gr\u00fcndet Inseln! Die Zeit, eines der [&hellip;]<\/p>\n","protected":false},"author":1,"featured_media":0,"parent":19,"menu_order":3,"comment_status":"closed","ping_status":"closed","template":"","meta":{"footnotes":""},"class_list":["post-7","page","type-page","status-publish","hentry"],"_links":{"self":[{"href":"https:\/\/mille1000.de\/index.php\/wp-json\/wp\/v2\/pages\/7","targetHints":{"allow":["GET"]}}],"collection":[{"href":"https:\/\/mille1000.de\/index.php\/wp-json\/wp\/v2\/pages"}],"about":[{"href":"https:\/\/mille1000.de\/index.php\/wp-json\/wp\/v2\/types\/page"}],"author":[{"embeddable":true,"href":"https:\/\/mille1000.de\/index.php\/wp-json\/wp\/v2\/users\/1"}],"replies":[{"embeddable":true,"href":"https:\/\/mille1000.de\/index.php\/wp-json\/wp\/v2\/comments?post=7"}],"version-history":[{"count":29,"href":"https:\/\/mille1000.de\/index.php\/wp-json\/wp\/v2\/pages\/7\/revisions"}],"predecessor-version":[{"id":378,"href":"https:\/\/mille1000.de\/index.php\/wp-json\/wp\/v2\/pages\/7\/revisions\/378"}],"up":[{"embeddable":true,"href":"https:\/\/mille1000.de\/index.php\/wp-json\/wp\/v2\/pages\/19"}],"wp:attachment":[{"href":"https:\/\/mille1000.de\/index.php\/wp-json\/wp\/v2\/media?parent=7"}],"curies":[{"name":"wp","href":"https:\/\/api.w.org\/{rel}","templated":true}]}}