{"id":380,"date":"2024-10-26T09:33:31","date_gmt":"2024-10-26T07:33:31","guid":{"rendered":"https:\/\/mille1000.de\/?page_id=380"},"modified":"2024-10-26T09:34:11","modified_gmt":"2024-10-26T07:34:11","slug":"arbeitsbio","status":"publish","type":"page","link":"https:\/\/mille1000.de\/index.php\/home\/arbeitsbio\/","title":{"rendered":"Arbeitsbio"},"content":{"rendered":"\n<div class=\"wp-block-group has-global-padding is-layout-constrained wp-container-core-group-is-layout-f1ba3e7e wp-block-group-is-layout-constrained\">\n<div class=\"wp-block-group is-vertical is-content-justification-center is-layout-flex wp-container-core-group-is-layout-52b864f0 wp-block-group-is-layout-flex\">\n<div style=\"height:0px\" aria-hidden=\"true\" class=\"wp-block-spacer wp-container-content-1dabbf03\"><\/div>\n\n\n\n<h2 class=\"wp-block-heading has-text-align-center is-style-default\" style=\"font-size:clamp(31.152px, 1.947rem + ((1vw - 3.2px) * 2.484), 55px);\">Ulrike Miller<\/h2>\n\n\n\n<p class=\"has-text-align-center\" style=\"font-size:clamp(1.092rem, 1.092rem + ((1vw - 0.2rem) * 1.013), 1.7rem);\">Journalistin &nbsp;<b>\u00b7<\/b>&nbsp; Autorin<\/p>\n\n\n\n<div style=\"height:0px\" aria-hidden=\"true\" class=\"wp-block-spacer wp-container-content-82644e15\"><\/div>\n<\/div>\n\n\n\n<p class=\"has-text-align-left has-medium-font-size wp-container-content-952c586e\" style=\"margin-top:0;margin-right:0;margin-bottom:0;margin-left:0;padding-top:19px;padding-right:0;padding-bottom:19px;padding-left:0\">Geboren in M\u00fcnchen<br>Studium (Germanistik, Sprachen, kulturelles Management) in M\u00fcnchen, Hamburg, Wien<\/p>\n\n\n\n<p class=\"has-large-font-size\"><strong><em>Literatur und mehr<\/em><\/strong><\/p>\n\n\n\n<div class=\"wp-block-group is-nowrap is-layout-flex wp-container-core-group-is-layout-f66f9956 wp-block-group-is-layout-flex\">\n<p class=\"has-text-align-right wp-container-content-ca1c717c\" style=\"font-size:clamp(0.875rem, 0.875rem + ((1vw - 0.2rem) * 0.542), 1.2rem);font-style:normal;font-weight:600\">2024<\/p>\n\n\n\n<p class=\"wp-container-content-c9763a5f\">Referentin beim Zukunftsforum Leipzig, Thema: Sprache und Manipulation<\/p>\n<\/div>\n\n\n\n<div class=\"wp-block-group is-nowrap is-layout-flex wp-container-core-group-is-layout-f66f9956 wp-block-group-is-layout-flex\">\n<p class=\"has-text-align-right wp-container-content-ca1c717c\" style=\"font-size:clamp(0.875rem, 0.875rem + ((1vw - 0.2rem) * 0.542), 1.2rem);font-style:normal;font-weight:600\">2023 und 2024<\/p>\n\n\n\n<p class=\"wp-container-content-c9763a5f\">im Projekt Offene G\u00e4rten der Ahr: Artikel und Gespr\u00e4che, eigene Kunstausstellung<\/p>\n<\/div>\n\n\n\n<div class=\"wp-block-group is-nowrap is-layout-flex wp-container-core-group-is-layout-f66f9956 wp-block-group-is-layout-flex\">\n<p class=\"has-text-align-right wp-container-content-ca1c717c\" style=\"font-size:clamp(0.875rem, 0.875rem + ((1vw - 0.2rem) * 0.542), 1.2rem);font-style:normal;font-weight:600\">2016<\/p>\n\n\n\n<p class=\"wp-container-content-c9763a5f\">Ausstellungsdesign f\u00fcr (Wander-)Ausstellung Kaiserschnitt der AG Frauengesundheit im Gesundheitsreferat der LHM. Ort: Gasteig.<\/p>\n<\/div>\n\n\n\n<div class=\"wp-block-group is-nowrap is-layout-flex wp-container-core-group-is-layout-f66f9956 wp-block-group-is-layout-flex\">\n<p class=\"has-text-align-right wp-container-content-ca1c717c\" style=\"font-size:clamp(0.875rem, 0.875rem + ((1vw - 0.2rem) * 0.542), 1.2rem);font-style:normal;font-weight:600\">2013 bis 2016<\/p>\n\n\n\n<p class=\"wp-container-content-c9763a5f\">Leiterin der Fachgruppe Literatur in der GEDOK M\u00fcnchen. Konzepte und Moderationen von Veranstaltungen (z.B. Walpurgisnacht der Dichterinnen), Anthologie GhostReiterinnen der Fachgruppe, Ausstellungsbeteiligungen etc.<br>Vertreterin der Gedok M\u00fcnchen in der Gleichstellungskommission des M\u00fcnchner Stadtrats.<\/p>\n<\/div>\n\n\n\n<div class=\"wp-block-group is-nowrap is-layout-flex wp-container-core-group-is-layout-f66f9956 wp-block-group-is-layout-flex\">\n<p class=\"has-text-align-right wp-container-content-ca1c717c\" style=\"font-size:clamp(0.875rem, 0.875rem + ((1vw - 0.2rem) * 0.542), 1.2rem);font-style:normal;font-weight:600\">2013 bis 2016<\/p>\n\n\n\n<p class=\"wp-container-content-c9763a5f\">Leiterin der Fachgruppe Literatur in der GEDOK M\u00fcnchen<br>Konzepte und Moderationen von Veranstaltungen (z.B. <em>Walpurgisnacht der Dichterinnen<\/em>)<br>Anthologie <em>GhostReiterinnen<\/em> der Fachgruppe<br>Ausstellungsbeteiligungen <br>Vertreterin der Gedok M\u00fcnchen in der Gleichstellungskommission des M\u00fcnchner Stadtrats<\/p>\n<\/div>\n\n\n\n<div class=\"wp-block-group is-nowrap is-layout-flex wp-container-core-group-is-layout-f66f9956 wp-block-group-is-layout-flex\">\n<p class=\"has-text-align-right wp-container-content-ca1c717c\" style=\"font-size:clamp(0.875rem, 0.875rem + ((1vw - 0.2rem) * 0.542), 1.2rem);font-style:normal;font-weight:600\">2014\/15<\/p>\n\n\n\n<p class=\"wp-container-content-c9763a5f\">Im Team f\u00fcr Konzept und Organisation des Begleitprogramms zur Ausstellung <em>Ab nach M\u00fcnchen! K\u00fcnstlerinnen um 1900<\/em> im Stadtmuseum M\u00fcnchen, mit zahlreichen Konzerten, Lesungen, Dialogf\u00fchrungen. Dazu\u00a0 die Fachtagung <em>Ab nach M\u00fcnchen. K\u00fcnstlerinnen heute\u2026<\/em> mit geladenen G\u00e4sten, gemeinsam mit Kulturreferat und Artothek, in der Evangelischen Akademie Tutzing die Tagung <em>Pionierinnen der Kunst<\/em>.YY<\/p>\n<\/div>\n\n\n\n<div class=\"wp-block-group is-nowrap is-layout-flex wp-container-core-group-is-layout-f66f9956 wp-block-group-is-layout-flex\">\n<p class=\"has-text-align-right wp-container-content-ca1c717c\" style=\"font-size:clamp(0.875rem, 0.875rem + ((1vw - 0.2rem) * 0.542), 1.2rem);font-style:normal;font-weight:600\">2009 bis 2015<\/p>\n\n\n\n<p class=\"wp-container-content-c9763a5f\">Konzept, Organisation, meist auch Moderation der Reihe <em>Labyrinth Literatur<\/em> zu aktuellen Aspekten des literarischen Schreibens und Publizierens. Ca. 20 Abende mit je zwei G\u00e4sten aus dem literarischen Leben. Mit KR und VHS M\u00fcnchen, im Gasteig<\/p>\n<\/div>\n\n\n\n<div class=\"wp-block-group is-nowrap is-layout-flex wp-container-core-group-is-layout-f66f9956 wp-block-group-is-layout-flex\">\n<p class=\"has-text-align-right wp-container-content-ca1c717c\" style=\"font-size:clamp(0.875rem, 0.875rem + ((1vw - 0.2rem) * 0.542), 1.2rem);font-style:normal;font-weight:600\">2012<\/p>\n\n\n\n<p class=\"wp-container-content-c9763a5f\">Zur Feier von <em>100 Jahren Internationaler Frauentag<\/em> im Rahmen eines bunten, sommerlichen Festes auf dem Jakobsplatz \u00dcbergabe des ca. 30m<sup>2<\/sup> gro\u00dfen Teppichs, an dem M\u00fcnchner Frauen gearbeitet hatten <br>Der Teppich wurde dem Archiv des Stadtmuseums \u00fcbereignet<\/p>\n<\/div>\n\n\n\n<div class=\"wp-block-group is-nowrap is-layout-flex wp-container-core-group-is-layout-f66f9956 wp-block-group-is-layout-flex\">\n<p class=\"has-text-align-right wp-container-content-ca1c717c\" style=\"font-size:clamp(0.875rem, 0.875rem + ((1vw - 0.2rem) * 0.542), 1.2rem);font-style:normal;font-weight:600\">2011 &#8211; 2012<\/p>\n\n\n\n<p class=\"wp-container-content-c9763a5f\">Umfangreiches Projekt <em>Sprache Heimat Exil<\/em> des Kulturreferats (KR) mit dem deutschen PEN-Zentrum, K\u00fcnstlerhaus Villa Waldberta und mehreren kooperierenden Institutionen in M\u00fcnchen. In sechs Veranstaltungen stellte sich, unterst\u00fctzt von Prominenz aus Film, Literatur oder Medien, je ein*e Stipendiat*in des PEN vor, die\/der in Deutschland im politischen Exil lebt und arbeitet.<br>Partner waren Kammerspiele, Instituto Cervantes, Museum f\u00fcnf Kontinente, Tolstoi-Bibliothek, Monacensia u.a.<\/p>\n<\/div>\n\n\n\n<div class=\"wp-block-group is-nowrap is-layout-flex wp-container-core-group-is-layout-f66f9956 wp-block-group-is-layout-flex\">\n<p class=\"has-text-align-right wp-container-content-ca1c717c\" style=\"font-size:clamp(0.875rem, 0.875rem + ((1vw - 0.2rem) * 0.542), 1.2rem);font-style:normal;font-weight:600\">2011<\/p>\n\n\n\n<p class=\"has-link-color wp-elements-031aaf835ebfb04d3e12a9130d6ec502 wp-container-content-c9763a5f\">Im Team von Vorbereitung und Durchf\u00fchrung des M\u00fcnchner M\u00e4rz, eines Kulturfestivals der Frauenedition.<br>Vortrag <em>Drei Damen von Welt \u2013 Prinzessin Salme, Lola Montez, Therese Prinzessin von Bayern<\/em>; gemeinsam mit <a href=\"https:\/\/www.susanne-weinhoeppel.com\/\" target=\"_blank\" rel=\"noreferrer noopener\">Susanne Weinh\u00f6ppel<\/a><\/p>\n<\/div>\n\n\n\n<div class=\"wp-block-group is-nowrap is-layout-flex wp-container-core-group-is-layout-f66f9956 wp-block-group-is-layout-flex\">\n<p class=\"has-text-align-right wp-container-content-ca1c717c\" style=\"font-size:clamp(0.875rem, 0.875rem + ((1vw - 0.2rem) * 0.542), 1.2rem);font-style:normal;font-weight:600\">2006 \u2013 2008<\/p>\n\n\n\n<p class=\"wp-container-content-c9763a5f\">Reihe <em>Brandloch. Verbrannte Dichter \u2013 Dialog zwischen heute und gestern<\/em> mit ca. 15 szenischen Lesungen in M\u00fcnchen, N\u00fcrnberg, Starnberg u.a.<\/p>\n<\/div>\n\n\n\n<div class=\"wp-block-group is-nowrap is-layout-flex wp-container-core-group-is-layout-f66f9956 wp-block-group-is-layout-flex\">\n<p class=\"has-text-align-right wp-container-content-ca1c717c\" style=\"font-size:clamp(0.875rem, 0.875rem + ((1vw - 0.2rem) * 0.542), 1.2rem);font-style:normal;font-weight:600\">2006, 2008, 2010<\/p>\n\n\n\n<p class=\"wp-container-content-c9763a5f\">Dozentin zu Medien&amp;Journalismus in der <em>Bayerischen Sch\u00fclerakademie<\/em>, je 1 Woche in den Pfingstferien, und in der Evangelischen Jugendbildungsarbeit (f\u00fcr FSJ)<\/p>\n<\/div>\n\n\n\n<div class=\"wp-block-group is-nowrap is-layout-flex wp-container-core-group-is-layout-f66f9956 wp-block-group-is-layout-flex\">\n<p class=\"has-text-align-right wp-container-content-ca1c717c\" style=\"font-size:clamp(0.875rem, 0.875rem + ((1vw - 0.2rem) * 0.542), 1.2rem);font-style:normal;font-weight:600\">2006 bis 2010<\/p>\n\n\n\n<p class=\"wp-container-content-c9763a5f\">In der <em>Autorinnenvereinigung<\/em>, erst Schatzmeisterin, ab 2008 Bundesvorsitzende und Leiterin der M\u00fcnchner Regionalgruppe<\/p>\n<\/div>\n\n\n\n<div class=\"wp-block-group is-nowrap is-layout-flex wp-container-core-group-is-layout-f66f9956 wp-block-group-is-layout-flex\">\n<p class=\"has-text-align-right wp-container-content-ca1c717c\" style=\"font-size:clamp(0.875rem, 0.875rem + ((1vw - 0.2rem) * 0.542), 1.2rem);font-style:normal;font-weight:600\">2005<\/p>\n\n\n\n<p class=\"wp-container-content-c9763a5f\">Im Team zur Planung des Literaturprogramms des VS \u2013 Verband der Schriftsteller*innen auf der BUGA in Riem<\/p>\n<\/div>\n\n\n\n<div class=\"wp-block-group is-nowrap is-layout-flex wp-container-core-group-is-layout-f66f9956 wp-block-group-is-layout-flex\">\n<p class=\"has-text-align-right wp-container-content-ca1c717c\" style=\"font-size:clamp(0.875rem, 0.875rem + ((1vw - 0.2rem) * 0.542), 1.2rem);font-style:normal;font-weight:600\">2003 und 2005<\/p>\n\n\n\n<p class=\"wp-container-content-c9763a5f\">Dozentin in Sch\u00fclerseminaren \u00fcber Adalbert Stifter, in Breitenberg<br>Dazwischen Vortr\u00e4ge, Lesungen, Einzelveranstaltungen, Artikel, zahlreiche \u00dcbersetzungen f\u00fcr dtv, Knesebeck, Prestel, Hatje Cantz u.a.<\/p>\n<\/div>\n\n\n\n<div class=\"wp-block-group is-nowrap is-layout-flex wp-container-core-group-is-layout-f66f9956 wp-block-group-is-layout-flex\">\n<p class=\"has-text-align-right wp-container-content-ca1c717c\" style=\"font-size:clamp(0.875rem, 0.875rem + ((1vw - 0.2rem) * 0.542), 1.2rem);font-style:normal;font-weight:600\">1999 bis 2001<\/p>\n\n\n\n<p class=\"wp-container-content-c9763a5f\">stv. Vorsitzende des M\u00fcnchner Literaturb\u00fcros<\/p>\n<\/div>\n\n\n\n<div class=\"wp-block-group is-nowrap is-layout-flex wp-container-core-group-is-layout-f66f9956 wp-block-group-is-layout-flex\">\n<p class=\"has-text-align-right wp-container-content-ca1c717c\" style=\"font-size:clamp(0.875rem, 0.875rem + ((1vw - 0.2rem) * 0.542), 1.2rem);font-style:normal;font-weight:600\">1980 bis 2003<\/p>\n\n\n\n<p class=\"wp-container-content-c9763a5f\">selbstst\u00e4ndige Journalistin<br>u.a. im ORF (TV) Wien (Hauptredaktion aktuelle Kultur)<br>f\u00fcr div. H\u00f6rfunk- und Printredaktionen (u.a. Burda Medien, BR, SWR, NDR etc.)<br>Themenschwerpunkte Literatur, Bildende Kunst, Architektur, Theater<br>Textchefin (frei) bei Burda Medien\/Das Haus<br>Leitende Redakteurin bzw. stv. Chefredakteurin u.a. von <em>novum<\/em> (Fachzeitschrift Grafikdesign), <em>leonardo online<\/em> (Architektur)<\/p>\n<\/div>\n\n\n\n<p class=\"has-large-font-size\" style=\"margin-top:42px\"><strong><em>Kunstausstellungen und Theater<\/em><\/strong><\/p>\n\n\n\n<div class=\"wp-block-group is-nowrap is-layout-flex wp-container-core-group-is-layout-f66f9956 wp-block-group-is-layout-flex\">\n<p class=\"has-text-align-right wp-container-content-ca1c717c\" style=\"font-size:clamp(0.875rem, 0.875rem + ((1vw - 0.2rem) * 0.542), 1.2rem);font-style:normal;font-weight:600\">1999\/2000<\/p>\n\n\n\n<p class=\"wp-container-content-c9763a5f\">Stadttheater Ingolstadt (Hospitanz B\u00fchnenbild)<br>Designkonzept der Ausstellung <em>Okakuras<\/em> (Typographie) in der Fachhochschule f\u00fcr Technik und Wirtschaft, Berlin<br>Kunstobjekte mit Texten, Fotografie<br>Ausstellungsbeteiligungen u.a. im Kunstverein Ebersberg und im intl. K\u00fcnstlerinnenprojekt <em>Flying Carpet<\/em><\/p>\n<\/div>\n\n\n\n<div class=\"wp-block-group is-nowrap is-layout-flex wp-container-core-group-is-layout-f66f9956 wp-block-group-is-layout-flex\">\n<p class=\"has-text-align-right wp-container-content-ca1c717c\" style=\"font-size:clamp(0.875rem, 0.875rem + ((1vw - 0.2rem) * 0.542), 1.2rem);font-style:normal;font-weight:600\">1999<\/p>\n\n\n\n<p class=\"wp-container-content-c9763a5f\">1. Preis f\u00fcr Prosa im bundesweiten Wettbewerb des M\u00fcnchner Literaturb\u00fcros<\/p>\n<\/div>\n\n\n\n<div class=\"wp-block-group is-nowrap is-layout-flex wp-container-core-group-is-layout-f66f9956 wp-block-group-is-layout-flex\">\n<p class=\"has-text-align-right wp-container-content-ca1c717c\" style=\"font-size:clamp(0.875rem, 0.875rem + ((1vw - 0.2rem) * 0.542), 1.2rem);font-style:normal;font-weight:600\">1988 bis 1991<\/p>\n\n\n\n<p class=\"wp-container-content-c9763a5f\">Ausstellungskuratorin im Haus der Kunst<br>1988 tz-Rose f\u00fcr Ausstellungskonzept <em>Wege zur Abstraktion<\/em> \u2013 <em>Sammlung Thyssen-Bornemisza<\/em><br>Konzeption und Installation von Ausstellungen im Haus der Kunst, M\u00fcnchen (u.a. <em>Bilder f\u00fcr den Himmel \u2013 Kunstdrachen, Afrikanische Kunst \u2013 die Sammlung Barbier-Mueller<\/em>), dazu Veranstaltungsprogramme, Pressearbeit, Redaktion bei Katalogen<\/p>\n<\/div>\n\n\n\n<div class=\"wp-block-group is-nowrap is-layout-flex wp-container-core-group-is-layout-f66f9956 wp-block-group-is-layout-flex\">\n<p class=\"has-text-align-right wp-container-content-ca1c717c\" style=\"font-size:clamp(0.875rem, 0.875rem + ((1vw - 0.2rem) * 0.542), 1.2rem);font-style:normal;font-weight:600\">1986\/1995<\/p>\n\n\n\n<p class=\"wp-container-content-c9763a5f\">Beitr\u00e4ge f\u00fcr BR (H\u00f6rfunk; Kulturmagazine, Familienfunk), NDR, SWR und andere Rundfunkstationen<br>Beitr\u00e4ge f\u00fcr Printmedien (SZ, Stuttg. Morgen u.a.)<br>Lektorate f\u00fcr Buchverlage (dtv, Knaus, Scherz, Heyne)<br>\u00dcbersetzungen (u.a. Gertrude Stein, Penelope Lively, K\u00fcnstlerlexikon Weltkunst Vlg., Kunstsammlung NRW)<\/p>\n<\/div>\n\n\n\n<div class=\"wp-block-group is-nowrap is-layout-flex wp-container-core-group-is-layout-f66f9956 wp-block-group-is-layout-flex\">\n<p class=\"has-text-align-right wp-container-content-ca1c717c\" style=\"font-size:clamp(0.875rem, 0.875rem + ((1vw - 0.2rem) * 0.542), 1.2rem);font-style:normal;font-weight:600\">1994<\/p>\n\n\n\n<p class=\"wp-container-content-c9763a5f\">Organistorische Betreuung f\u00fcr das internationale Kunstprojekt <em>Global Bridge \u2013 Stones and Voices<\/em><\/p>\n<\/div>\n\n\n\n<div class=\"wp-block-group is-nowrap is-layout-flex wp-container-core-group-is-layout-f66f9956 wp-block-group-is-layout-flex\">\n<p class=\"has-text-align-right wp-container-content-ca1c717c\" style=\"font-size:clamp(0.875rem, 0.875rem + ((1vw - 0.2rem) * 0.542), 1.2rem);font-style:normal;font-weight:600\">1993<\/p>\n\n\n\n<p class=\"wp-container-content-c9763a5f\">Organisation f\u00fcr die Wanderausstellung <em>Bombensicher<\/em> der Atomic Photographers\u2019 Guild (M\u00fcnchen, Berlin, Kiel, Essen)<\/p>\n<\/div>\n\n\n\n<div class=\"wp-block-group is-nowrap is-layout-flex wp-container-core-group-is-layout-f66f9956 wp-block-group-is-layout-flex\">\n<p class=\"has-text-align-right wp-container-content-ca1c717c\" style=\"font-size:clamp(0.875rem, 0.875rem + ((1vw - 0.2rem) * 0.542), 1.2rem);font-style:normal;font-weight:600\">1991\/1992<\/p>\n\n\n\n<p class=\"wp-container-content-c9763a5f\">Sales Manager bei The Image Bank, M\u00fcnchen<\/p>\n<\/div>\n\n\n\n<div class=\"wp-block-group is-nowrap is-layout-flex wp-container-core-group-is-layout-f66f9956 wp-block-group-is-layout-flex\">\n<p class=\"has-text-align-right wp-container-content-ca1c717c\" style=\"font-size:clamp(0.875rem, 0.875rem + ((1vw - 0.2rem) * 0.542), 1.2rem);font-style:normal;font-weight:600\">1989-91<\/p>\n\n\n\n<p class=\"wp-container-content-c9763a5f\">Redakteurin f\u00fcr Bildende Kunst, Fotografie und Video im <em>M\u00fcnchner Stadtmagazin<\/em><\/p>\n<\/div>\n\n\n\n<div class=\"wp-block-group is-nowrap is-layout-flex wp-container-core-group-is-layout-f66f9956 wp-block-group-is-layout-flex\">\n<p class=\"has-text-align-right wp-container-content-ca1c717c\" style=\"font-size:clamp(0.875rem, 0.875rem + ((1vw - 0.2rem) * 0.542), 1.2rem);font-style:normal;font-weight:600\">1983\/1986<\/p>\n\n\n\n<p class=\"wp-container-content-c9763a5f\">freie Redakteurin in der Abtg. Aktuelle Kultur im ORF-TV, Wien<br>Berichte und Mitarbeit an Dokumentationen v.a. zu Kunst, Architektur, Theater: Verwaltungsbauten, Margarete Sch\u00fctte-Lihotzky<br>Mitarbeit an der Ausstellung <em>Wien 1945 \u2013 Davor\/Danach<\/em>, Bereich Musik<\/p>\n<\/div>\n\n\n\n<div class=\"wp-block-group is-nowrap is-layout-flex wp-container-core-group-is-layout-f66f9956 wp-block-group-is-layout-flex\">\n<p class=\"has-text-align-right wp-container-content-ca1c717c\" style=\"font-size:clamp(0.875rem, 0.875rem + ((1vw - 0.2rem) * 0.542), 1.2rem);font-style:normal;font-weight:600\">1980\/1983<\/p>\n\n\n\n<p class=\"wp-container-content-c9763a5f\">Autorin f\u00fcr NDR (Funk), Hamburger Morgenpost, Deutsches Allg. Sonntagsblatt und weitere<\/p>\n<\/div>\n<\/div>\n","protected":false},"excerpt":{"rendered":"<p>Ulrike Miller Journalistin &nbsp;\u00b7&nbsp; Autorin Geboren in M\u00fcnchenStudium (Germanistik, Sprachen, kulturelles Management) in M\u00fcnchen, Hamburg, Wien Literatur und mehr 2024 Referentin beim Zukunftsforum Leipzig, Thema: Sprache und Manipulation 2023 und 2024 im Projekt Offene G\u00e4rten der Ahr: Artikel und Gespr\u00e4che, eigene Kunstausstellung 2016 Ausstellungsdesign f\u00fcr (Wander-)Ausstellung Kaiserschnitt der AG Frauengesundheit im Gesundheitsreferat der LHM. Ort: [&hellip;]<\/p>\n","protected":false},"author":1,"featured_media":0,"parent":19,"menu_order":1,"comment_status":"closed","ping_status":"closed","template":"","meta":{"footnotes":""},"class_list":["post-380","page","type-page","status-publish","hentry"],"_links":{"self":[{"href":"https:\/\/mille1000.de\/index.php\/wp-json\/wp\/v2\/pages\/380","targetHints":{"allow":["GET"]}}],"collection":[{"href":"https:\/\/mille1000.de\/index.php\/wp-json\/wp\/v2\/pages"}],"about":[{"href":"https:\/\/mille1000.de\/index.php\/wp-json\/wp\/v2\/types\/page"}],"author":[{"embeddable":true,"href":"https:\/\/mille1000.de\/index.php\/wp-json\/wp\/v2\/users\/1"}],"replies":[{"embeddable":true,"href":"https:\/\/mille1000.de\/index.php\/wp-json\/wp\/v2\/comments?post=380"}],"version-history":[{"count":5,"href":"https:\/\/mille1000.de\/index.php\/wp-json\/wp\/v2\/pages\/380\/revisions"}],"predecessor-version":[{"id":385,"href":"https:\/\/mille1000.de\/index.php\/wp-json\/wp\/v2\/pages\/380\/revisions\/385"}],"up":[{"embeddable":true,"href":"https:\/\/mille1000.de\/index.php\/wp-json\/wp\/v2\/pages\/19"}],"wp:attachment":[{"href":"https:\/\/mille1000.de\/index.php\/wp-json\/wp\/v2\/media?parent=380"}],"curies":[{"name":"wp","href":"https:\/\/api.w.org\/{rel}","templated":true}]}}