{"id":156,"date":"2024-10-17T22:21:42","date_gmt":"2024-10-17T20:21:42","guid":{"rendered":"https:\/\/mille1000.de\/?page_id=156"},"modified":"2024-10-26T13:28:39","modified_gmt":"2024-10-26T11:28:39","slug":"time-after-time","status":"publish","type":"page","link":"https:\/\/mille1000.de\/index.php\/home\/time-after-time\/","title":{"rendered":"Time after time"},"content":{"rendered":"\n<div style=\"height:27px\" aria-hidden=\"true\" class=\"wp-block-spacer\"><\/div>\n\n\n\n<div class=\"wp-block-group alignwide has-global-padding is-layout-constrained wp-container-core-group-is-layout-ebe5053d wp-block-group-is-layout-constrained\">\n<h1 class=\"wp-block-heading alignwide has-text-align-center has-xx-large-font-size\" style=\"line-height:1.2\">Time after time<\/h1>\n\n\n\n<h1 class=\"wp-block-heading alignwide has-text-align-center has-large-font-size\" style=\"line-height:1.2\">Ausstellungen, \u00dcbersetzungen, Vortr\u00e4ge<\/h1>\n\n\n\n<figure class=\"wp-block-image aligncenter size-full is-resized has-custom-border\"><img loading=\"lazy\" decoding=\"async\" width=\"1278\" height=\"784\" src=\"https:\/\/mille1000.de\/wp-content\/uploads\/Hintergrundbild_07_TimeAfterTime-1.jpg\" alt=\"\" class=\"wp-image-438\" style=\"border-radius:12px;aspect-ratio:1.7777777777777777;object-fit:cover;width:1278px;height:auto\" srcset=\"https:\/\/mille1000.de\/wp-content\/uploads\/Hintergrundbild_07_TimeAfterTime-1.jpg 1278w, https:\/\/mille1000.de\/wp-content\/uploads\/Hintergrundbild_07_TimeAfterTime-1-300x184.jpg 300w, https:\/\/mille1000.de\/wp-content\/uploads\/Hintergrundbild_07_TimeAfterTime-1-768x471.jpg 768w\" sizes=\"auto, (max-width: 1278px) 100vw, 1278px\" \/><\/figure>\n\n\n\n<p class=\"has-text-align-right\" style=\"margin-top:18px;margin-bottom:2px;margin-left:0;padding-top:1px;padding-right:0px;padding-bottom:1px;padding-left:0px;font-size:clamp(0.984rem, 0.984rem + ((1vw - 0.2rem) * 0.86), 1.5rem);line-height:0.9\">Ich habe in M\u00fcnchen wirklich sehen gelernt.<\/p>\n\n\n\n<p class=\"has-text-align-right\" style=\"margin-top:3px;margin-bottom:3px;padding-top:1px;padding-bottom:1px;font-size:clamp(0.875rem, 0.875rem + ((1vw - 0.2rem) * 0.708), 1.3rem);\"><em>K\u00e4the Kollwitz<\/em><\/p>\n<\/div>\n\n\n\n<div class=\"wp-block-group alignfull has-global-padding is-layout-constrained wp-container-core-group-is-layout-174b9edc wp-block-group-is-layout-constrained\" style=\"margin-top:0px;margin-bottom:0px;padding-top:var(--wp--preset--spacing--40);padding-right:var(--wp--preset--spacing--50);padding-bottom:var(--wp--preset--spacing--40);padding-left:var(--wp--preset--spacing--50)\">\n<div class=\"wp-block-columns alignwide is-layout-flex wp-container-core-columns-is-layout-ff4b9c61 wp-block-columns-is-layout-flex\" style=\"margin-top:0;margin-bottom:0\">\n<div class=\"wp-block-column is-layout-flow wp-container-core-column-is-layout-8a368f38 wp-block-column-is-layout-flow\">\n<figure class=\"wp-block-image size-full is-style-rounded is-style-rounded--1\"><img loading=\"lazy\" decoding=\"async\" width=\"1843\" height=\"2560\" src=\"https:\/\/mille1000.de\/wp-content\/uploads\/content_TaT_BilderFuerDenHimmel-scaled.jpg\" alt=\"\" class=\"wp-image-160\" style=\"aspect-ratio:3\/4;object-fit:contain\" srcset=\"https:\/\/mille1000.de\/wp-content\/uploads\/content_TaT_BilderFuerDenHimmel-scaled.jpg 1843w, https:\/\/mille1000.de\/wp-content\/uploads\/content_TaT_BilderFuerDenHimmel-216x300.jpg 216w, https:\/\/mille1000.de\/wp-content\/uploads\/content_TaT_BilderFuerDenHimmel-737x1024.jpg 737w, https:\/\/mille1000.de\/wp-content\/uploads\/content_TaT_BilderFuerDenHimmel-768x1067.jpg 768w, https:\/\/mille1000.de\/wp-content\/uploads\/content_TaT_BilderFuerDenHimmel-1106x1536.jpg 1106w, https:\/\/mille1000.de\/wp-content\/uploads\/content_TaT_BilderFuerDenHimmel-1475x2048.jpg 1475w\" sizes=\"auto, (max-width: 1843px) 100vw, 1843px\" \/><\/figure>\n\n\n\n<p style=\"margin-top:15px;margin-bottom:30px\">Und sie sind tats\u00e4chlich geflogen! Ganz kleine Drachen wie der von Friedensreich Hundertwasser und gro\u00dfe wie Robert Rauschenberg, der 6qm feinstes Drachenpapier bemalt hat. Ein herrliches Projekt aus Japan, die erste Station in Europa war das Haus der Kunst in M\u00fcnchen. Die Ausstellung ein Riesenerfolg.<\/p>\n\n\n\n<figure class=\"wp-block-image size-large is-resized has-custom-border\"><img loading=\"lazy\" decoding=\"async\" width=\"2048\" height=\"107\" src=\"https:\/\/mille1000.de\/wp-content\/uploads\/trenner03-2048x107.png\" alt=\"\" class=\"wp-image-412\" style=\"border-style:none;border-width:0px;width:266px\" srcset=\"https:\/\/mille1000.de\/wp-content\/uploads\/trenner03-2048x107.png 2048w, https:\/\/mille1000.de\/wp-content\/uploads\/trenner03-300x16.png 300w, https:\/\/mille1000.de\/wp-content\/uploads\/trenner03-768x40.png 768w, https:\/\/mille1000.de\/wp-content\/uploads\/trenner03-1536x80.png 1536w\" sizes=\"auto, (max-width: 2048px) 100vw, 2048px\" \/><\/figure>\n\n\n\n<div style=\"height:27px\" aria-hidden=\"true\" class=\"wp-block-spacer\"><\/div>\n\n\n\n<figure class=\"wp-block-image aligncenter size-full is-resized has-custom-border is-style-rounded is-style-rounded--2\"><img loading=\"lazy\" decoding=\"async\" width=\"413\" height=\"819\" src=\"https:\/\/mille1000.de\/wp-content\/uploads\/content_TaT_c_AbNachMuenchen01.jpg\" alt=\"\" class=\"wp-image-163\" style=\"border-style:none;border-width:0px;border-radius:0px;width:266px;height:auto\" srcset=\"https:\/\/mille1000.de\/wp-content\/uploads\/content_TaT_c_AbNachMuenchen01.jpg 413w, https:\/\/mille1000.de\/wp-content\/uploads\/content_TaT_c_AbNachMuenchen01-151x300.jpg 151w\" sizes=\"auto, (max-width: 413px) 100vw, 413px\" \/><\/figure>\n\n\n\n<p class=\"has-link-color wp-elements-07c9097e50150257956302fbb7412014\" style=\"margin-top:15px;margin-bottom:30px\">Malerin werden, Bildhauerin, Keramikerin \u2013 mit einer professionellen Ausbildung. Die fanden Frauen zu Beginn des 20. Jahrhunderts in M\u00fcnchen. Gabriele M\u00fcnter, Marianne Werefkin, Martha Cunz, Ida Paulin und sehr viele mehr lernten und arbeiteten in den Kunstschulen, Ateliers, Werkst\u00e4tten. Die Ausstellung im Stadtmuseum stellte viele von ihnen vor \u2013 eine Entdeckungsreise und eine der erfolgreichsten Ausstellungen im M\u00fcnchner Stadtmuseum \u00fcberhaupt. Im Begleitprogramm (das 32seitige Booklet k\u00f6nnen Sie <a href=\"https:\/\/mille1000.de\/wp-content\/uploads\/Ab_nach_Muenchen_Booklet.pdf\" data-type=\"attachment\" data-id=\"165\" rel=\"nofollow\">hier<\/a> herunterladen) gab es Lesungen, Konzerte, Dialogf\u00fchrungen, Workshops. Ein Fachtag stellte Fragen nach der heutigen Situation von K\u00fcnstlerinnen, die aus anderen L\u00e4ndern nach M\u00fcnchen kommen.<\/p>\n\n\n\n<figure class=\"wp-block-image size-large is-resized\"><img loading=\"lazy\" decoding=\"async\" width=\"2048\" height=\"107\" src=\"https:\/\/mille1000.de\/wp-content\/uploads\/trenner19-2048x107.png\" alt=\"\" class=\"wp-image-413\" style=\"width:266px\" srcset=\"https:\/\/mille1000.de\/wp-content\/uploads\/trenner19-2048x107.png 2048w, https:\/\/mille1000.de\/wp-content\/uploads\/trenner19-300x16.png 300w, https:\/\/mille1000.de\/wp-content\/uploads\/trenner19-768x40.png 768w, https:\/\/mille1000.de\/wp-content\/uploads\/trenner19-1536x80.png 1536w\" sizes=\"auto, (max-width: 2048px) 100vw, 2048px\" \/><\/figure>\n\n\n\n<div style=\"height:34px\" aria-hidden=\"true\" class=\"wp-block-spacer\"><\/div>\n\n\n\n<figure class=\"wp-block-image aligncenter size-full is-resized has-custom-border is-style-rounded is-style-rounded--3\"><img loading=\"lazy\" decoding=\"async\" width=\"457\" height=\"941\" src=\"https:\/\/mille1000.de\/wp-content\/uploads\/content_TaT_d_Pionierinnen01.jpg\" alt=\"\" class=\"wp-image-168\" style=\"border-style:none;border-width:0px;border-radius:0px;width:274px;height:auto\" srcset=\"https:\/\/mille1000.de\/wp-content\/uploads\/content_TaT_d_Pionierinnen01.jpg 457w, https:\/\/mille1000.de\/wp-content\/uploads\/content_TaT_d_Pionierinnen01-146x300.jpg 146w\" sizes=\"auto, (max-width: 457px) 100vw, 457px\" \/><\/figure>\n\n\n\n<p style=\"margin-top:11px\">Tagung der Evangelischen Akade\u00admie Tutzing im Zusammen\u00adhang mit der Ausstellung Ab nach M\u00fcnchen!<\/p>\n\n\n\n<p style=\"margin-top:11px\">Dabei: ein Abend \u00fcber den Zorn der Frauen in der Kunst, gemeinsam mit Susanne Weinh\u00f6ppel (Musikerin) und Lilith Lichtenberg (Keramikerin).<\/p>\n<\/div>\n\n\n\n<div class=\"wp-block-column is-layout-flow wp-container-core-column-is-layout-8a368f38 wp-block-column-is-layout-flow\">\n<p class=\"has-text-align-center\" style=\"margin-bottom:15px\"><strong><em>Wege zu Abstraktion<\/em><\/strong><br><strong><em>Sammlung Thyssen-Bornemisza<\/em><\/strong><\/p>\n\n\n\n<figure class=\"wp-block-image size-large is-style-rounded is-style-rounded--4\"><img loading=\"lazy\" decoding=\"async\" width=\"454\" height=\"1024\" src=\"https:\/\/mille1000.de\/wp-content\/uploads\/content_TaT_Sammlung02-454x1024.jpg\" alt=\"\" class=\"wp-image-162\" style=\"aspect-ratio:3\/4;object-fit:contain\" srcset=\"https:\/\/mille1000.de\/wp-content\/uploads\/content_TaT_Sammlung02-454x1024.jpg 454w, https:\/\/mille1000.de\/wp-content\/uploads\/content_TaT_Sammlung02-133x300.jpg 133w, https:\/\/mille1000.de\/wp-content\/uploads\/content_TaT_Sammlung02.jpg 608w\" sizes=\"auto, (max-width: 454px) 100vw, 454px\" \/><\/figure>\n\n\n\n<p style=\"margin-top:15px;margin-bottom:15px\">Kunst am Beginn des 20. Jahrhunderts \u2013 Neues wurde gesucht, K\u00fcnstlerinnen und K\u00fcnstler aus Frankreich, Deutschland, Italien, Sowjetunion u.a. krempelten die Malerei um. Erst eine Zeit des Aufbruchs, nach 1918 eine Zeit der Verst\u00f6rung, Trauer und des Versuchs, in der Maschinenwelt, die der I. Weltkrieg gezeigt hatte, den Blick auf die Menschen nicht zu verlieren. Eine spannende Ausstellung, die Arbeit als Kuratorin und als Lektorin des Katalogs wurde mit einer Rose der Woche ausgezeichnet.<\/p>\n\n\n\n<figure class=\"wp-block-image size-large is-style-rounded is-style-rounded--5\"><img loading=\"lazy\" decoding=\"async\" width=\"733\" height=\"1024\" src=\"https:\/\/mille1000.de\/wp-content\/uploads\/content_TaT_Sammlung01-733x1024.jpg\" alt=\"\" class=\"wp-image-161\" style=\"aspect-ratio:3\/4;object-fit:cover\" srcset=\"https:\/\/mille1000.de\/wp-content\/uploads\/content_TaT_Sammlung01-733x1024.jpg 733w, https:\/\/mille1000.de\/wp-content\/uploads\/content_TaT_Sammlung01-215x300.jpg 215w, https:\/\/mille1000.de\/wp-content\/uploads\/content_TaT_Sammlung01-768x1073.jpg 768w, https:\/\/mille1000.de\/wp-content\/uploads\/content_TaT_Sammlung01.jpg 915w\" sizes=\"auto, (max-width: 733px) 100vw, 733px\" \/><\/figure>\n\n\n\n<div style=\"height:30px\" aria-hidden=\"true\" class=\"wp-block-spacer\"><\/div>\n\n\n\n<figure class=\"wp-block-image size-full\"><img loading=\"lazy\" decoding=\"async\" width=\"1358\" height=\"138\" src=\"https:\/\/mille1000.de\/wp-content\/uploads\/trenner14.png\" alt=\"\" class=\"wp-image-415\" srcset=\"https:\/\/mille1000.de\/wp-content\/uploads\/trenner14.png 1358w, https:\/\/mille1000.de\/wp-content\/uploads\/trenner14-300x30.png 300w, https:\/\/mille1000.de\/wp-content\/uploads\/trenner14-768x78.png 768w\" sizes=\"auto, (max-width: 1358px) 100vw, 1358px\" \/><\/figure>\n\n\n\n<div style=\"height:18px\" aria-hidden=\"true\" class=\"wp-block-spacer\"><\/div>\n\n\n\n<figure class=\"wp-block-image size-full is-style-default\"><img loading=\"lazy\" decoding=\"async\" width=\"665\" height=\"637\" src=\"https:\/\/mille1000.de\/wp-content\/uploads\/content_TaT_g_MaryKingsley01.jpg\" alt=\"\" class=\"wp-image-173\" style=\"aspect-ratio:1;object-fit:contain\" srcset=\"https:\/\/mille1000.de\/wp-content\/uploads\/content_TaT_g_MaryKingsley01.jpg 665w, https:\/\/mille1000.de\/wp-content\/uploads\/content_TaT_g_MaryKingsley01-300x287.jpg 300w\" sizes=\"auto, (max-width: 665px) 100vw, 665px\" \/><\/figure>\n\n\n\n<p style=\"margin-top:11px;margin-bottom:11px\">Mary Henrietta Kingsley \u2013 eine der vielen Frauen, die zum Ende des 19. Jahrhunderts zu gro\u00dfen Reisen aufbrachen \u2013 und eine der ganz wenigen, deren Berichte heute noch faszinieren. Als Herausgeberin und \u00dcbersetzerin (mit Angelika Felenda) konnte ich sie bekannt machen, ihre beiden Forschungsreisen nach Westafrika wurden schlie\u00dflich sogar f\u00fcr ein Edutainment-Format verfilmt.<\/p>\n\n\n\n<figure class=\"wp-block-image size-full is-style-default\"><img loading=\"lazy\" decoding=\"async\" width=\"665\" height=\"367\" src=\"https:\/\/mille1000.de\/wp-content\/uploads\/content_TaT_g_MaryKingsley02.jpg\" alt=\"\" class=\"wp-image-174\" srcset=\"https:\/\/mille1000.de\/wp-content\/uploads\/content_TaT_g_MaryKingsley02.jpg 665w, https:\/\/mille1000.de\/wp-content\/uploads\/content_TaT_g_MaryKingsley02-300x166.jpg 300w\" sizes=\"auto, (max-width: 665px) 100vw, 665px\" \/><\/figure>\n\n\n\n<div style=\"height:16px\" aria-hidden=\"true\" class=\"wp-block-spacer\"><\/div>\n\n\n\n<figure class=\"wp-block-image size-full is-style-default\"><img loading=\"lazy\" decoding=\"async\" width=\"665\" height=\"367\" src=\"https:\/\/mille1000.de\/wp-content\/uploads\/content_TaT_g_MaryKingsley03.jpg\" alt=\"\" class=\"wp-image-175\" srcset=\"https:\/\/mille1000.de\/wp-content\/uploads\/content_TaT_g_MaryKingsley03.jpg 665w, https:\/\/mille1000.de\/wp-content\/uploads\/content_TaT_g_MaryKingsley03-300x166.jpg 300w\" sizes=\"auto, (max-width: 665px) 100vw, 665px\" \/><\/figure>\n<\/div>\n\n\n\n<div class=\"wp-block-column is-layout-flow wp-container-core-column-is-layout-8a368f38 wp-block-column-is-layout-flow\">\n<p style=\"margin-bottom:11px\">Atomic Photographers\u2018 Guild \u2013 ein loser Verbund internationaler Fotografen, die sich mit der Frage auseinandersetzen, welche Auswirkungen die Nutzung der Atomkraft auf das Leben von Menschen hat. Bilder aus Semipalatinsk, Nevada, Los Alamos, aus Japan, Gro\u00df\u00adbritannien, Frankreich usw. Die Ausstellung gastierte in Deutschland in Kiel, Berlin, M\u00fcnchen.<\/p>\n\n\n\n<figure class=\"wp-block-image size-full is-resized has-custom-border is-style-default\"><img loading=\"lazy\" decoding=\"async\" width=\"561\" height=\"802\" src=\"https:\/\/mille1000.de\/wp-content\/uploads\/content_TaT_e_Bombensicher01.jpg\" alt=\"\" class=\"wp-image-170\" style=\"border-radius:0px;aspect-ratio:0.6666666666666666;object-fit:contain;width:271px;height:auto\" srcset=\"https:\/\/mille1000.de\/wp-content\/uploads\/content_TaT_e_Bombensicher01.jpg 561w, https:\/\/mille1000.de\/wp-content\/uploads\/content_TaT_e_Bombensicher01-210x300.jpg 210w\" sizes=\"auto, (max-width: 561px) 100vw, 561px\" \/><\/figure>\n\n\n\n<div style=\"height:31px\" aria-hidden=\"true\" class=\"wp-block-spacer\"><\/div>\n\n\n\n<figure class=\"wp-block-image size-full is-resized\"><img loading=\"lazy\" decoding=\"async\" width=\"2000\" height=\"129\" src=\"https:\/\/mille1000.de\/wp-content\/uploads\/trenner17.png\" alt=\"\" class=\"wp-image-416\" style=\"width:266px\" srcset=\"https:\/\/mille1000.de\/wp-content\/uploads\/trenner17.png 2000w, https:\/\/mille1000.de\/wp-content\/uploads\/trenner17-300x19.png 300w, https:\/\/mille1000.de\/wp-content\/uploads\/trenner17-768x50.png 768w, https:\/\/mille1000.de\/wp-content\/uploads\/trenner17-1536x99.png 1536w\" sizes=\"auto, (max-width: 2000px) 100vw, 2000px\" \/><\/figure>\n\n\n\n<p style=\"margin-top:24px;margin-bottom:11px\">Wie war das f\u00fcnf Jahre vor 1945 \u2013 und f\u00fcnf Jahre danach? Literatur, Musik, Bildende Kunst, Musik, Sprache, Theater usw. wurden befragt und die Ergebnisse mit sehr viel Bildmaterial in einer umfassenden Ausstellung im Zwanziger Haus in Wien gezeigt. Viel Protest bei manchem im Publikum, die braune Traditionen bei Publikumslieblingen nicht wahrhaben wollten.<\/p>\n\n\n\n<figure class=\"wp-block-image size-full has-custom-border is-style-rounded is-style-rounded--6\"><img loading=\"lazy\" decoding=\"async\" width=\"737\" height=\"932\" src=\"https:\/\/mille1000.de\/wp-content\/uploads\/content_TaT_f_Wien194501.jpg\" alt=\"\" class=\"wp-image-171\" style=\"border-radius:11px;aspect-ratio:3\/4;object-fit:cover\" srcset=\"https:\/\/mille1000.de\/wp-content\/uploads\/content_TaT_f_Wien194501.jpg 737w, https:\/\/mille1000.de\/wp-content\/uploads\/content_TaT_f_Wien194501-237x300.jpg 237w\" sizes=\"auto, (max-width: 737px) 100vw, 737px\" \/><\/figure>\n\n\n\n<div style=\"height:36px\" aria-hidden=\"true\" class=\"wp-block-spacer\"><\/div>\n\n\n\n<figure class=\"wp-block-image size-large is-resized\"><img loading=\"lazy\" decoding=\"async\" width=\"2048\" height=\"220\" src=\"https:\/\/mille1000.de\/wp-content\/uploads\/trenner09-2048x220.png\" alt=\"\" class=\"wp-image-417\" style=\"width:266px\" srcset=\"https:\/\/mille1000.de\/wp-content\/uploads\/trenner09-2048x220.png 2048w, https:\/\/mille1000.de\/wp-content\/uploads\/trenner09-300x32.png 300w, https:\/\/mille1000.de\/wp-content\/uploads\/trenner09-768x83.png 768w, https:\/\/mille1000.de\/wp-content\/uploads\/trenner09-1536x165.png 1536w\" sizes=\"auto, (max-width: 2048px) 100vw, 2048px\" \/><\/figure>\n\n\n\n<p style=\"margin-top:18px;margin-bottom:11px\">Einer von vielen Abenden und Vortr\u00e4gen zur Erinnerung an Literatinnen und Literaten, die spannende Romane und Erz\u00e4hlungen geschrieben haben, Gedichte zur Zeit, Essays zu aktuellen Fragen. Carry Brachvogel, eine sehr erfolgreiche Autorin, gr\u00fcndete und f\u00fchrte in M\u00fcnchen fr\u00fch den Schriftstellerinnenverband, forderte ordentliche Honorare f\u00fcr Ver\u00f6ffentlichungen. Als J\u00fcdin ge\u00e4chtet nach 1933, 1942 in Theresienstadt gestorben. Der gro\u00dfe Saal in der M\u00fcnchner Seidl-Villa ist nach ihr benannt. Wir widmeten ihr einen ganzen Abend mit Texten, Liedern und einem Vortrag zu Leben und Werk.<\/p>\n\n\n\n<figure class=\"wp-block-image size-full is-style-default\"><img loading=\"lazy\" decoding=\"async\" width=\"498\" height=\"591\" src=\"https:\/\/mille1000.de\/wp-content\/uploads\/content_TaT_h_Seidlvilla01.jpg\" alt=\"\" class=\"wp-image-177\" style=\"box-shadow:var(--wp--preset--shadow--natural)\" srcset=\"https:\/\/mille1000.de\/wp-content\/uploads\/content_TaT_h_Seidlvilla01.jpg 498w, https:\/\/mille1000.de\/wp-content\/uploads\/content_TaT_h_Seidlvilla01-253x300.jpg 253w\" sizes=\"auto, (max-width: 498px) 100vw, 498px\" \/><\/figure>\n<\/div>\n\n\n\n<div class=\"wp-block-column is-layout-flow wp-container-core-column-is-layout-8a368f38 wp-block-column-is-layout-flow\">\n<p class=\"has-text-align-center\" style=\"margin-top:0px;margin-bottom:11px;font-size:clamp(0.929rem, 0.929rem + ((1vw - 0.2rem) * 0.785), 1.4rem);\"><strong><em>Journalistin<\/em><\/strong><\/p>\n\n\n\n<figure class=\"wp-block-image size-full is-style-rounded is-style-rounded--7\"><img loading=\"lazy\" decoding=\"async\" width=\"563\" height=\"563\" src=\"https:\/\/mille1000.de\/wp-content\/uploads\/content_TaT_i_Journalistin01.jpg\" alt=\"\" class=\"wp-image-179\" style=\"aspect-ratio:1;object-fit:contain\" srcset=\"https:\/\/mille1000.de\/wp-content\/uploads\/content_TaT_i_Journalistin01.jpg 563w, https:\/\/mille1000.de\/wp-content\/uploads\/content_TaT_i_Journalistin01-300x300.jpg 300w, https:\/\/mille1000.de\/wp-content\/uploads\/content_TaT_i_Journalistin01-150x150.jpg 150w\" sizes=\"auto, (max-width: 563px) 100vw, 563px\" \/><\/figure>\n\n\n\n<p class=\"has-text-align-center\" style=\"margin-top:11px;margin-bottom:11px\">Erste Interviews \u2013 <br>mit Harry Belafonte, Klaus Staeck.<br>Viel unterwegs.<\/p>\n\n\n\n<figure class=\"wp-block-image aligncenter size-full is-resized has-custom-border is-style-rounded is-style-rounded--8\"><img loading=\"lazy\" decoding=\"async\" width=\"500\" height=\"406\" src=\"https:\/\/mille1000.de\/wp-content\/uploads\/content_TaT_i_Journalistin02.jpg\" alt=\"\" class=\"wp-image-180\" style=\"border-style:none;border-width:0px;border-radius:0px;width:266px;height:auto\" srcset=\"https:\/\/mille1000.de\/wp-content\/uploads\/content_TaT_i_Journalistin02.jpg 500w, https:\/\/mille1000.de\/wp-content\/uploads\/content_TaT_i_Journalistin02-300x244.jpg 300w\" sizes=\"auto, (max-width: 500px) 100vw, 500px\" \/><\/figure>\n\n\n\n<div style=\"height:28px\" aria-hidden=\"true\" class=\"wp-block-spacer\"><\/div>\n\n\n\n<figure class=\"wp-block-image aligncenter size-full is-resized has-custom-border is-style-rounded is-style-rounded--9\"><img loading=\"lazy\" decoding=\"async\" width=\"922\" height=\"768\" src=\"https:\/\/mille1000.de\/wp-content\/uploads\/content_TaT_i_Journalistin03.jpg\" alt=\"\" class=\"wp-image-181\" style=\"border-style:none;border-width:0px;border-radius:0px;width:266px;height:auto\" srcset=\"https:\/\/mille1000.de\/wp-content\/uploads\/content_TaT_i_Journalistin03.jpg 922w, https:\/\/mille1000.de\/wp-content\/uploads\/content_TaT_i_Journalistin03-300x250.jpg 300w, https:\/\/mille1000.de\/wp-content\/uploads\/content_TaT_i_Journalistin03-768x640.jpg 768w\" sizes=\"auto, (max-width: 922px) 100vw, 922px\" \/><\/figure>\n\n\n\n<div style=\"height:36px\" aria-hidden=\"true\" class=\"wp-block-spacer\"><\/div>\n\n\n\n<figure class=\"wp-block-image size-full is-resized\"><img loading=\"lazy\" decoding=\"async\" width=\"1658\" height=\"117\" src=\"https:\/\/mille1000.de\/wp-content\/uploads\/trenner15.png\" alt=\"\" class=\"wp-image-418\" style=\"width:266px\" srcset=\"https:\/\/mille1000.de\/wp-content\/uploads\/trenner15.png 1658w, https:\/\/mille1000.de\/wp-content\/uploads\/trenner15-300x21.png 300w, https:\/\/mille1000.de\/wp-content\/uploads\/trenner15-768x54.png 768w, https:\/\/mille1000.de\/wp-content\/uploads\/trenner15-1536x108.png 1536w\" sizes=\"auto, (max-width: 1658px) 100vw, 1658px\" \/><\/figure>\n\n\n\n<p class=\"has-text-align-left\" style=\"margin-top:23px;margin-bottom:11px\">Dreimal eingeladen zur Bayrischen Sch\u00fclerakademie, in der besonders begabte Sch\u00fclerinnen und Sch\u00fcler aus Bayern eine Woche lang miteinander in verschiedenen Seminaren mit hervorragenden Fachleuten arbeiteten, einander kennenlernen und einfach auch eine gute Zeit verbringen konnten. Seminare zu Medien und Politik, Aufbau von Recherchen beispielsweise im Archiv des Deutschen Museums, eine Zeitschrift wurde miteinander gebaut \u2013 und immer viel gelacht und gequatscht.<\/p>\n\n\n\n<figure class=\"wp-block-image aligncenter size-full is-resized has-custom-border is-style-rounded is-style-rounded--10\"><img loading=\"lazy\" decoding=\"async\" width=\"572\" height=\"744\" src=\"https:\/\/mille1000.de\/wp-content\/uploads\/content_TaT_i_Journalistin05.jpg\" alt=\"\" class=\"wp-image-183\" style=\"border-style:none;border-width:0px;border-radius:0px;width:266px;height:auto\" srcset=\"https:\/\/mille1000.de\/wp-content\/uploads\/content_TaT_i_Journalistin05.jpg 572w, https:\/\/mille1000.de\/wp-content\/uploads\/content_TaT_i_Journalistin05-231x300.jpg 231w\" sizes=\"auto, (max-width: 572px) 100vw, 572px\" \/><\/figure>\n\n\n\n<div style=\"height:37px\" aria-hidden=\"true\" class=\"wp-block-spacer\"><\/div>\n\n\n\n<figure class=\"wp-block-image size-full is-resized\"><img loading=\"lazy\" decoding=\"async\" width=\"2224\" height=\"181\" src=\"https:\/\/mille1000.de\/wp-content\/uploads\/trenner10.png\" alt=\"\" class=\"wp-image-419\" style=\"width:266px\" srcset=\"https:\/\/mille1000.de\/wp-content\/uploads\/trenner10.png 2224w, https:\/\/mille1000.de\/wp-content\/uploads\/trenner10-300x24.png 300w, https:\/\/mille1000.de\/wp-content\/uploads\/trenner10-2048x167.png 2048w, https:\/\/mille1000.de\/wp-content\/uploads\/trenner10-768x63.png 768w, https:\/\/mille1000.de\/wp-content\/uploads\/trenner10-1536x125.png 1536w\" sizes=\"auto, (max-width: 2224px) 100vw, 2224px\" \/><\/figure>\n\n\n\n<div style=\"height:37px\" aria-hidden=\"true\" class=\"wp-block-spacer\"><\/div>\n\n\n\n<figure class=\"wp-block-image aligncenter size-full is-resized has-custom-border is-style-rounded is-style-rounded--11\"><img loading=\"lazy\" decoding=\"async\" width=\"500\" height=\"737\" src=\"https:\/\/mille1000.de\/wp-content\/uploads\/content_TaT_i_Journalistin04.jpg\" alt=\"\" class=\"wp-image-182\" style=\"border-style:none;border-width:0px;border-radius:0px;width:266px;height:auto\" srcset=\"https:\/\/mille1000.de\/wp-content\/uploads\/content_TaT_i_Journalistin04.jpg 500w, https:\/\/mille1000.de\/wp-content\/uploads\/content_TaT_i_Journalistin04-204x300.jpg 204w\" sizes=\"auto, (max-width: 500px) 100vw, 500px\" \/><\/figure>\n<\/div>\n<\/div>\n<\/div>\n","protected":false},"excerpt":{"rendered":"<p>Time after time Ausstellungen, \u00dcbersetzungen, Vortr\u00e4ge Ich habe in M\u00fcnchen wirklich sehen gelernt. K\u00e4the Kollwitz Und sie sind tats\u00e4chlich geflogen! Ganz kleine Drachen wie der von Friedensreich Hundertwasser und gro\u00dfe wie Robert Rauschenberg, der 6qm feinstes Drachenpapier bemalt hat. Ein herrliches Projekt aus Japan, die erste Station in Europa war das Haus der Kunst in [&hellip;]<\/p>\n","protected":false},"author":1,"featured_media":0,"parent":19,"menu_order":7,"comment_status":"closed","ping_status":"closed","template":"","meta":{"footnotes":""},"class_list":["post-156","page","type-page","status-publish","hentry"],"_links":{"self":[{"href":"https:\/\/mille1000.de\/index.php\/wp-json\/wp\/v2\/pages\/156","targetHints":{"allow":["GET"]}}],"collection":[{"href":"https:\/\/mille1000.de\/index.php\/wp-json\/wp\/v2\/pages"}],"about":[{"href":"https:\/\/mille1000.de\/index.php\/wp-json\/wp\/v2\/types\/page"}],"author":[{"embeddable":true,"href":"https:\/\/mille1000.de\/index.php\/wp-json\/wp\/v2\/users\/1"}],"replies":[{"embeddable":true,"href":"https:\/\/mille1000.de\/index.php\/wp-json\/wp\/v2\/comments?post=156"}],"version-history":[{"count":21,"href":"https:\/\/mille1000.de\/index.php\/wp-json\/wp\/v2\/pages\/156\/revisions"}],"predecessor-version":[{"id":452,"href":"https:\/\/mille1000.de\/index.php\/wp-json\/wp\/v2\/pages\/156\/revisions\/452"}],"up":[{"embeddable":true,"href":"https:\/\/mille1000.de\/index.php\/wp-json\/wp\/v2\/pages\/19"}],"wp:attachment":[{"href":"https:\/\/mille1000.de\/index.php\/wp-json\/wp\/v2\/media?parent=156"}],"curies":[{"name":"wp","href":"https:\/\/api.w.org\/{rel}","templated":true}]}}