{"id":130,"date":"2024-10-16T13:52:33","date_gmt":"2024-10-16T11:52:33","guid":{"rendered":"https:\/\/mille1000.de\/?page_id=130"},"modified":"2024-10-17T01:55:19","modified_gmt":"2024-10-16T23:55:19","slug":"130-2","status":"publish","type":"page","link":"https:\/\/mille1000.de\/index.php\/home\/cillarim\/130-2\/","title":{"rendered":"Texte Cillarim Bei uns"},"content":{"rendered":"\n<div class=\"wp-block-group has-global-padding is-layout-constrained wp-container-core-group-is-layout-650790e1 wp-block-group-is-layout-constrained\">\n<h1 class=\"wp-block-heading has-text-align-center has-x-large-font-size\"><strong>Bei uns  (Fernando)<\/strong><\/h1>\n\n\n\n<hr class=\"wp-block-separator has-alpha-channel-opacity is-style-wide\" style=\"margin-top:var(--wp--preset--spacing--20);margin-bottom:var(--wp--preset--spacing--20)\"\/>\n\n\n\n<p class=\"has-text-align-center has-small-font-size\">F\u00fcr diesen Text vergab die Jury des Literaturb\u00fcros M\u00fcnchen<br>im bundesweiten Wettbewerb den 1. Preis.<\/p>\n<\/div>\n\n\n\n<div style=\"height:39px\" aria-hidden=\"true\" class=\"wp-block-spacer\"><\/div>\n\n\n\n<p>Fernando hat die Kette bekommen, er will damit die Weihnachtskrippe reparieren. Die Klingel hat Manolo, der Wirt, \u00fcber seine Theke genagelt, und er l\u00e4utet sie immer, wenn er abends zusperren will. Oder wenn jemand einen besonders guten Witz erz\u00e4hlt hat. Aber das kommt selten vor. Aus den Speichen hat Miguel f\u00fcr das Erntedankfest einen Grill geschmiedet, der sieht aus wie ein St\u00fcck Kl\u00f6ppelspitze von den alten Frauen. Den Rahmen hat der dicke Alfredo in seinem neuen Ziegenstall oben in eine Ecke gemauert, da h\u00e4ngen jetzt seine zwei Eimer dran. Juan, der immer erst nachmittags redet, hat den Lenker als Griff an seinem Handkarren befestigt; Miguel hat ihm dabei geholfen. Mit den Kabeln hat Antonio, dessen Frau nicht wiederkommt, das Stroh und die Lumpen um seine neue Vogelscheuche gebunden. L\u00e4cherlich, denn in seinem Garten w\u00e4chst sowieso nichts mehr, seit auch der zweite Brunnen trocken ist. Die Schl\u00e4uche wollte Federico als Treibriemen f\u00fcr den Traktor, sie sind aber gleich zerrissen. Das verbogene Vorderrad hat Hector genommen. Wir wissen nicht, was er damit gemacht hat. Aus dem Sattel hat Teofilo einen Sitz gebastelt, falls sich einmal Kinder bei ihm die Haare schneiden lassen. Aber schon die Erwachsenen, die das Ding ausprobiert haben, fanden es sehr unbequem.<\/p>\n\n\n\n<p>Ich habe das Hinterrad, es h\u00e4ngt neben der Haust\u00fcr, damit Clematis sich darumranken kann. Meine Tochter hat den Mann gefunden. Wir haben ihn dort oben begraben. Seine Wasserflasche war leer, und der Berg ist steil und ohne Schatten.<\/p>\n\n\n\n<p class=\"has-text-align-right\"><em>\u00a9 Ulrike Budde, M\u00fcnchen<\/em><\/p>\n","protected":false},"excerpt":{"rendered":"<p>Bei uns (Fernando) F\u00fcr diesen Text vergab die Jury des Literaturb\u00fcros M\u00fcnchenim bundesweiten Wettbewerb den 1. Preis. Fernando hat die Kette bekommen, er will damit die Weihnachtskrippe reparieren. Die Klingel hat Manolo, der Wirt, \u00fcber seine Theke genagelt, und er l\u00e4utet sie immer, wenn er abends zusperren will. Oder wenn jemand einen besonders guten Witz [&hellip;]<\/p>\n","protected":false},"author":1,"featured_media":0,"parent":7,"menu_order":3,"comment_status":"closed","ping_status":"closed","template":"","meta":{"footnotes":""},"class_list":["post-130","page","type-page","status-publish","hentry"],"_links":{"self":[{"href":"https:\/\/mille1000.de\/index.php\/wp-json\/wp\/v2\/pages\/130","targetHints":{"allow":["GET"]}}],"collection":[{"href":"https:\/\/mille1000.de\/index.php\/wp-json\/wp\/v2\/pages"}],"about":[{"href":"https:\/\/mille1000.de\/index.php\/wp-json\/wp\/v2\/types\/page"}],"author":[{"embeddable":true,"href":"https:\/\/mille1000.de\/index.php\/wp-json\/wp\/v2\/users\/1"}],"replies":[{"embeddable":true,"href":"https:\/\/mille1000.de\/index.php\/wp-json\/wp\/v2\/comments?post=130"}],"version-history":[{"count":3,"href":"https:\/\/mille1000.de\/index.php\/wp-json\/wp\/v2\/pages\/130\/revisions"}],"predecessor-version":[{"id":139,"href":"https:\/\/mille1000.de\/index.php\/wp-json\/wp\/v2\/pages\/130\/revisions\/139"}],"up":[{"embeddable":true,"href":"https:\/\/mille1000.de\/index.php\/wp-json\/wp\/v2\/pages\/7"}],"wp:attachment":[{"href":"https:\/\/mille1000.de\/index.php\/wp-json\/wp\/v2\/media?parent=130"}],"curies":[{"name":"wp","href":"https:\/\/api.w.org\/{rel}","templated":true}]}}